{"id":957,"date":"2025-05-27T14:28:37","date_gmt":"2025-05-27T12:28:37","guid":{"rendered":"https:\/\/carlosacosta.com.co\/fenix\/?page_id=957"},"modified":"2025-10-29T16:42:15","modified_gmt":"2025-10-29T15:42:15","slug":"agente-de-compras","status":"publish","type":"page","link":"https:\/\/mifenixcargo.com\/web\/agente-de-compras\/","title":{"rendered":"Agente de Compras"},"content":{"rendered":"<div id=\"pl-957\"  class=\"panel-layout\" ><div id=\"pg-957-0\"  class=\"panel-grid panel-has-style\" ><div class=\"aos-fade-down siteorigin-panels-stretch panel-row-style panel-row-style-for-957-0\" data-stretch-type=\"full-width-stretch\" ><div id=\"pgc-957-0-0\"  class=\"panel-grid-cell\" ><div id=\"panel-957-0-0-0\" class=\"so-panel widget widget_themegrill_flash_heading tg-widget section-title-wrapper panel-first-child panel-last-child\" data-index=\"0\" ><div class=\"fondoencabezadofinal flash_inherit_color panel-widget-style panel-widget-style-for-957-0-0-0\" >\t<h3 class=\"section-title\">AGENTE DE COMPRAS<\/h3>\n\t<div class=\"section-description\">Nos encargamos de tus compras globales<\/div>\n<\/div><\/div><\/div><\/div><\/div>\n\t\t\t<video \n\t\t\t\tid=\"so_bgvideo_69fb72559f89d\" \n\t\t\t\tclass=\"so_video_bg jquery-background-video\" \n\t\t\t\tloop \n\t\t\t\tautoplay \n\t\t\t\tplaysinline\n\t\t\t\tmuted\n\t\t\t\tdata-bgvideo\n\t\t\t\tposter=\"https:\/\/mifenixcargo.com\/web\/wp-content\/uploads\/2025\/10\/agente.jpg\"\t\t\t\tdata-bgvideo-fade-in=\"500\"\t\t\t\tdata-bgvideo-pause-after=\"120\"\t\t\t\tdata-bgvideo-show-pause-play=false\t\t\t\tdata-bgvideo-pause-play-x-pos=\"right\"\t\t\t\tdata-bgvideo-pause-play-y-pos=\"top\" \n\t\t\t\t>\n\t\t\t\t\t<source src=\"https:\/\/mifenixcargo.com\/web\/wp-content\/uploads\/2025\/06\/mixkit-online-shoping-with-credit-card-14009-hd-ready.mp4\" type=\"video\/mp4\">\t\t\t\t\t\t\t\t\t\t\t\t\t<\/video>\n\n\t\t\t\n\t\t\t<script type=\"text\/javascript\">\n\t\t\t(function() {\n\t\t\t\t\/\/ Move the video and container into the row as the first child\n\t\t\t\tvar video_tag = document.getElementById(\"so_bgvideo_69fb72559f89d\");\n\t\t\t\tvar video_overlay = document.getElementById(\"so_bgvideo_overlay_69fb72559f89d\");\n\t\t\t\tvar video_row = video_tag.previousSibling;\n\t\t\t\twhile(video_row && video_row.nodeType != 1) {\n\t\t\t\t\tvideo_row = video_row.previousSibling;\n\t\t\t\t}\n\t\t\t\tvar row_inner = video_row.firstChild;\n\t\t\t\trow_inner.insertBefore( video_tag, row_inner.firstChild );\n\t\t\t\tif( video_overlay ) {\n\t\t\t\t\trow_inner.insertBefore( video_overlay, video_tag.nextSibling);\n\t\t\t\t}\n\t\t\t\trow_inner.className += ' so_video_bg_row jquery-background-video-wrapper';\n\t\t\t\tvideo_tag.play();\n\t\t\t}());\n\t\t\t<\/script>\n\n\t\t\t<div id=\"pg-957-1\"  class=\"panel-grid panel-has-style\" ><div class=\"siteorigin-panels-stretch panel-row-style panel-row-style-for-957-1\" id=\"transporteglobal\" data-stretch-type=\"full\" ><div id=\"pgc-957-1-0\"  class=\"panel-grid-cell\" ><div id=\"panel-957-1-0-0\" class=\"widget_text so-panel widget widget_custom_html panel-first-child\" data-index=\"1\" ><div class=\"textwidget custom-html-widget\"><h3 style=\"color: #0176af;\">DESDE LA B\u00daSQUEDA<span style=\"color: #201e57;\"> HASTA LA ENTREGA FINAL<\/span><\/h3><hr style=\"width:150px\">\n<h4>\n\tGESTIONAMOS COMPRAS ESTRAT\u00c9GICAS PARA TU EMPRESA\n<\/h4><\/div><\/div><div id=\"panel-957-1-0-1\" class=\"so-panel widget widget_text panel-last-child\" data-index=\"2\" ><div class=\"aos-fade-down panel-widget-style panel-widget-style-for-957-1-0-1\" >\t\t\t<div class=\"textwidget\"><p>En el mercado global actual, encontrar los proveedores adecuados y gestionar las compras internacionales puede ser un desaf\u00edo complejo y consumir muchos recursos. Nuestro servicio de<strong> Agente de Compras Internacional<\/strong> est\u00e1 dise\u00f1ado para simplificar este proceso, convirti\u00e9ndonos en tu extensi\u00f3n estrat\u00e9gica en cualquier parte del mundo.<\/p>\n<p>Nos encargamos de todo el ciclo de adquisici\u00f3n: <strong>desde la b\u00fasqueda, negociaci\u00f3n y verificaci\u00f3n de proveedores, hasta la gesti\u00f3n log\u00edstica y la entrega final<\/strong> de tus productos. Ya sea que busques materias primas, componentes especializados o productos terminados, nuestro equipo experto garantiza que tus compras sean eficientes, rentables y cumplan con tus m\u00e1s altos est\u00e1ndares de calidad, permiti\u00e9ndote concentrarte en el core de tu negocio.<\/p>\n<\/div>\n\t\t<\/div><\/div><\/div><\/div><\/div><div id=\"pg-957-2\"  class=\"panel-grid panel-has-style\" ><div class=\"aos-fade so-rounded panel-row-style panel-row-style-for-957-2\" id=\"ventajas1\" ><div id=\"pgc-957-2-0\"  class=\"panel-grid-cell\" ><div class=\"so-rounded panel-cell-style panel-cell-style-for-957-2-0\" ><div id=\"panel-957-2-0-0\" class=\"widget_text so-panel widget widget_custom_html panel-first-child\" data-index=\"3\" ><div class=\"widget_text panel-widget-style panel-widget-style-for-957-2-0-0\" ><div class=\"textwidget custom-html-widget\"><h3 style=\"color: #FFA500\">VENTAJAS<span style=\"color: white\"> DE NUESTRO SERVICIO DE<\/span><br><span style=\"color: #FFA500\">AGENTE DE COMPRAS<\/span><\/h3><hr style=\"width:150px\"><\/div><\/div><\/div><div id=\"panel-957-2-0-1\" class=\"widget_text so-panel widget widget_custom_html panel-last-child\" data-index=\"4\" ><div class=\"widget_text panel-widget-style panel-widget-style-for-957-2-0-1\" ><div class=\"textwidget custom-html-widget\"><p>\n\t<strong><i class=\"fa fa-chevron-right\"><\/i> Optimizaci\u00f3n de Costos:<\/strong> Negociamos precios competitivos, consolidamos env\u00edos y minimizamos gastos ocultos para asegurar la mejor rentabilidad en cada adquisici\u00f3n.\n<\/p>\n<p>\n\t<strong><i class=\"fa fa-chevron-right\"><\/i> Reducci\u00f3n de Riesgos:<\/strong> Verificamos la calidad de los proveedores, realizamos inspecciones de producto y gestionamos la documentaci\u00f3n para evitar contratiempos.\n<\/p>\n<p>\n\t<strong><i class=\"fa fa-chevron-right\"><\/i> Ahorro de Tiempo:<\/strong> Liberamos a tu equipo de las complejidades de la b\u00fasqueda, negociaci\u00f3n y log\u00edstica internacional.\n<\/p>\n<p>\n\t<strong><i class=\"fa fa-chevron-right\"><\/i> Control y Transparencia:<\/strong> Te proporcionamos visibilidad total en cada etapa del proceso de compra, desde la orden hasta la entrega.\n<\/p>\n<p>\n\t<strong><i class=\"fa fa-chevron-right\"><\/i> Soluciones a Medida:<\/strong> Adaptamos nuestros servicios a tus necesidades espec\u00edficas, volumen de compra y tipo de producto.\n<\/p><\/div><\/div><\/div><\/div><\/div><div id=\"pgc-957-2-1\"  class=\"panel-grid-cell\" ><div class=\"panel-cell-style panel-cell-style-for-957-2-1\" ><div id=\"panel-957-2-1-0\" class=\"so-panel widget widget_media_image panel-first-child panel-last-child\" data-index=\"5\" ><div class=\"imgcontent panel-widget-style panel-widget-style-for-957-2-1-0\" ><img loading=\"lazy\" decoding=\"async\" width=\"683\" height=\"1024\" src=\"https:\/\/mifenixcargo.com\/web\/wp-content\/uploads\/2025\/06\/elemento-de-explotacion-de-mujer-de-tiro-medio-683x1024.jpg\" class=\"image wp-image-1151  attachment-large size-large\" alt=\"\" style=\"max-width: 100%; height: auto;\" srcset=\"https:\/\/mifenixcargo.com\/web\/wp-content\/uploads\/2025\/06\/elemento-de-explotacion-de-mujer-de-tiro-medio-683x1024.jpg 683w, https:\/\/mifenixcargo.com\/web\/wp-content\/uploads\/2025\/06\/elemento-de-explotacion-de-mujer-de-tiro-medio-200x300.jpg 200w, https:\/\/mifenixcargo.com\/web\/wp-content\/uploads\/2025\/06\/elemento-de-explotacion-de-mujer-de-tiro-medio-768x1152.jpg 768w, https:\/\/mifenixcargo.com\/web\/wp-content\/uploads\/2025\/06\/elemento-de-explotacion-de-mujer-de-tiro-medio-1024x1536.jpg 1024w, https:\/\/mifenixcargo.com\/web\/wp-content\/uploads\/2025\/06\/elemento-de-explotacion-de-mujer-de-tiro-medio-1365x2048.jpg 1365w, https:\/\/mifenixcargo.com\/web\/wp-content\/uploads\/2025\/06\/elemento-de-explotacion-de-mujer-de-tiro-medio-scaled.jpg 1707w\" sizes=\"auto, (max-width: 683px) 100vw, 683px\" \/><\/div><\/div><\/div><\/div><\/div><\/div><div id=\"pg-957-3\"  class=\"panel-grid panel-has-style\" ><div class=\"siteorigin-panels-stretch panel-row-style panel-row-style-for-957-3\" data-stretch-type=\"full-width-stretch\" ><div id=\"pgc-957-3-0\"  class=\"panel-grid-cell\" ><div id=\"panel-957-3-0-0\" class=\"so-panel widget widget_themegrill_flash_heading tg-widget section-title-wrapper panel-first-child panel-last-child\" data-index=\"6\" ><div class=\"aos-fade-down panel-widget-style panel-widget-style-for-957-3-0-0\" >\t<h3 class=\"section-title\">Nuestro Proceso Estrat\u00e9gico de Agente de Compras<\/h3>\n<\/div><\/div><\/div><\/div><\/div><div id=\"pg-957-4\"  class=\"panel-grid panel-has-style\" ><div class=\"siteorigin-panels-stretch panel-row-style panel-row-style-for-957-4\" id=\"pasosmaritima\" data-stretch-type=\"full\" ><div id=\"pgc-957-4-0\"  class=\"panel-grid-cell\" ><div id=\"panel-957-4-0-0\" class=\"so-panel widget widget_siteorigin-panels-builder panel-first-child panel-last-child\" data-index=\"7\" ><div class=\"cajas1a panel-widget-style panel-widget-style-for-957-4-0-0\" ><div id=\"pl-w68f788f2a69b9\"  class=\"panel-layout\" ><div id=\"pg-w68f788f2a69b9-0\"  class=\"panel-grid panel-no-style\" ><div id=\"pgc-w68f788f2a69b9-0-0\"  class=\"panel-grid-cell\" ><div id=\"panel-w68f788f2a69b9-0-0-0\" class=\"so-panel widget widget_themegrill_flash_image tg-widget tg-image-widget panel-first-child panel-last-child\" data-index=\"0\" ><div class=\"aos-fade-down panel-widget-style panel-widget-style-for-w68f788f2a69b9-0-0-0\" >\t<img decoding=\"async\" src=\"https:\/\/mifenixcargo.com\/web\/wp-content\/uploads\/2025\/06\/escoger.png\" \/>\n<\/div><\/div><\/div><div id=\"pgc-w68f788f2a69b9-0-1\"  class=\"panel-grid-cell\" ><div id=\"panel-w68f788f2a69b9-0-1-0\" class=\"so-panel widget widget_themegrill_flash_heading tg-widget section-title-wrapper panel-first-child panel-last-child\" data-index=\"1\" ><div class=\"aos-fade-down panel-widget-style panel-widget-style-for-w68f788f2a69b9-0-1-0\" >\t<h3 class=\"section-title\">B\u00daSQUEDA Y SELECCI\u00d3N<\/h3>\n<\/div><\/div><\/div><\/div><div id=\"pg-w68f788f2a69b9-1\"  class=\"panel-grid panel-no-style\" ><div id=\"pgc-w68f788f2a69b9-1-0\"  class=\"panel-grid-cell\" ><div id=\"panel-w68f788f2a69b9-1-0-0\" class=\"so-panel widget widget_text panel-first-child panel-last-child\" data-index=\"2\" ><div class=\"aos-fade-down panel-widget-style panel-widget-style-for-w68f788f2a69b9-1-0-0\" >\t\t\t<div class=\"textwidget\"><p>Comenzamos con una <strong>b\u00fasqueda exhaustiva y estrat\u00e9gica de proveedores<\/strong> que cumplan con tus requisitos de calidad, precio y capacidad de producci\u00f3n. Realizamos una <strong>rigurosa verificaci\u00f3n<\/strong> de su historial, certificaciones y reputaci\u00f3n, present\u00e1ndote solo las mejores opciones para tu aprobaci\u00f3n.<\/p>\n<\/div>\n\t\t<\/div><\/div><\/div><\/div><\/div><\/div><\/div><\/div><div id=\"pgc-957-4-1\"  class=\"panel-grid-cell\" ><div id=\"panel-957-4-1-0\" class=\"so-panel widget widget_siteorigin-panels-builder panel-first-child panel-last-child\" data-index=\"8\" ><div class=\"cajas1a panel-widget-style panel-widget-style-for-957-4-1-0\" ><div id=\"pl-w68f788f2a6ed4\"  class=\"panel-layout\" ><div id=\"pg-w68f788f2a6ed4-0\"  class=\"panel-grid panel-no-style\" ><div id=\"pgc-w68f788f2a6ed4-0-0\"  class=\"panel-grid-cell\" ><div id=\"panel-w68f788f2a6ed4-0-0-0\" class=\"so-panel widget widget_themegrill_flash_image tg-widget tg-image-widget panel-first-child panel-last-child\" data-index=\"0\" ><div class=\"aos-fade-down panel-widget-style panel-widget-style-for-w68f788f2a6ed4-0-0-0\" >\t<img decoding=\"async\" src=\"https:\/\/mifenixcargo.com\/web\/wp-content\/uploads\/2025\/06\/inspeccion.png\" \/>\n<\/div><\/div><\/div><div id=\"pgc-w68f788f2a6ed4-0-1\"  class=\"panel-grid-cell\" ><div id=\"panel-w68f788f2a6ed4-0-1-0\" class=\"so-panel widget widget_themegrill_flash_heading tg-widget section-title-wrapper panel-first-child panel-last-child\" data-index=\"1\" ><div class=\"aos-fade-down panel-widget-style panel-widget-style-for-w68f788f2a6ed4-0-1-0\" >\t<h3 class=\"section-title\">NEGOCIACI\u00d3N, ORDEN Y GESTI\u00d3N DE CALIDAD<\/h3>\n<\/div><\/div><\/div><\/div><div id=\"pg-w68f788f2a6ed4-1\"  class=\"panel-grid panel-no-style\" ><div id=\"pgc-w68f788f2a6ed4-1-0\"  class=\"panel-grid-cell\" ><div id=\"panel-w68f788f2a6ed4-1-0-0\" class=\"so-panel widget widget_text panel-first-child panel-last-child\" data-index=\"2\" ><div class=\"aos-fade-down panel-widget-style panel-widget-style-for-w68f788f2a6ed4-1-0-0\" >\t\t\t<div class=\"textwidget\"><p>Una vez seleccionado el proveedor, nos encargamos de la <strong>negociaci\u00f3n de t\u00e9rminos y precios<\/strong> para asegurar las condiciones m\u00e1s favorables. Gestionamos la <strong>colocaci\u00f3n de la orden de compra<\/strong> y, si es necesario, supervisamos la producci\u00f3n y realizamos <strong>controles de calidad<\/strong> en origen para verificar que los productos cumplen con tus especificaciones antes del embarque.<\/p>\n<\/div>\n\t\t<\/div><\/div><\/div><\/div><\/div><\/div><\/div><\/div><div id=\"pgc-957-4-2\"  class=\"panel-grid-cell\" ><div id=\"panel-957-4-2-0\" class=\"so-panel widget widget_siteorigin-panels-builder panel-first-child panel-last-child\" data-index=\"9\" ><div class=\"cajas1a panel-widget-style panel-widget-style-for-957-4-2-0\" ><div id=\"pl-w68f788f2a7269\"  class=\"panel-layout\" ><div id=\"pg-w68f788f2a7269-0\"  class=\"panel-grid panel-no-style\" ><div id=\"pgc-w68f788f2a7269-0-0\"  class=\"panel-grid-cell\" ><div id=\"panel-w68f788f2a7269-0-0-0\" class=\"so-panel widget widget_themegrill_flash_image tg-widget tg-image-widget panel-first-child panel-last-child\" data-index=\"0\" ><div class=\"aos-fade-down panel-widget-style panel-widget-style-for-w68f788f2a7269-0-0-0\" >\t<img decoding=\"async\" src=\"https:\/\/mifenixcargo.com\/web\/wp-content\/uploads\/2025\/05\/recibir.png\" \/>\n<\/div><\/div><\/div><div id=\"pgc-w68f788f2a7269-0-1\"  class=\"panel-grid-cell\" ><div id=\"panel-w68f788f2a7269-0-1-0\" class=\"so-panel widget widget_themegrill_flash_heading tg-widget section-title-wrapper panel-first-child panel-last-child\" data-index=\"1\" ><div class=\"aos-fade-down panel-widget-style panel-widget-style-for-w68f788f2a7269-0-1-0\" >\t<h3 class=\"section-title\">LOG\u00cdSTICA ADUANAS Y ENTREGA FINAL<\/h3>\n<\/div><\/div><\/div><\/div><div id=\"pg-w68f788f2a7269-1\"  class=\"panel-grid panel-no-style\" ><div id=\"pgc-w68f788f2a7269-1-0\"  class=\"panel-grid-cell\" ><div id=\"panel-w68f788f2a7269-1-0-0\" class=\"so-panel widget widget_text panel-first-child panel-last-child\" data-index=\"2\" ><div class=\"aos-fade-down panel-widget-style panel-widget-style-for-w68f788f2a7269-1-0-0\" >\t\t\t<div class=\"textwidget\"><p>Coordinamos toda la <strong>cadena log\u00edstica<\/strong>, desde el transporte en origen, el despacho aduanero y el flete internacional (mar\u00edtimo, a\u00e9reo o terrestre), hasta la entrega final en tus instalaciones. Nos aseguramos de que toda la documentaci\u00f3n est\u00e9 en orden y resolvemos cualquier eventualidad para que tu mercanc\u00eda llegue de manera eficiente y sin complicaciones.<\/p>\n<\/div>\n\t\t<\/div><\/div><\/div><\/div><\/div><\/div><\/div><\/div><\/div><\/div><div id=\"pg-957-5\"  class=\"panel-grid panel-has-style\" ><div class=\"siteorigin-panels-stretch panel-row-style panel-row-style-for-957-5\" id=\"transporteglobal\" data-stretch-type=\"full\" ><div id=\"pgc-957-5-0\"  class=\"panel-grid-cell\" ><div id=\"panel-957-5-0-0\" class=\"so-panel widget widget_siteorigin-panels-builder panel-first-child panel-last-child\" data-index=\"10\" ><div class=\"aos-fade-down panel-widget-style panel-widget-style-for-957-5-0-0\" ><div id=\"pl-w690222341ae4a\"  class=\"panel-layout\" ><div id=\"pg-w690222341ae4a-0\"  class=\"panel-grid panel-no-style\" ><div id=\"pgc-w690222341ae4a-0-0\"  class=\"panel-grid-cell\" ><div id=\"panel-w690222341ae4a-0-0-0\" class=\"so-panel widget widget_themegrill_flash_heading tg-widget section-title-wrapper panel-first-child panel-last-child\" data-index=\"0\" ><div class=\"flash_inherit_color panel-widget-style panel-widget-style-for-w690222341ae4a-0-0-0\" >\t<h3 class=\"section-title\">Transforma tu log\u00edstica con Fenix<\/h3>\n<\/div><\/div><\/div><\/div><div id=\"pg-w690222341ae4a-1\"  class=\"panel-grid panel-has-style\" ><div id=\"cotizacionCarga\" class=\"panel-row-style panel-row-style-for-w690222341ae4a-1\" ><div id=\"pgc-w690222341ae4a-1-0\"  class=\"panel-grid-cell\" ><div id=\"panel-w690222341ae4a-1-0-0\" class=\"widget_text so-panel widget widget_custom_html panel-first-child\" data-index=\"1\" ><div class=\"widget_text panel-widget-style panel-widget-style-for-w690222341ae4a-1-0-0\" ><div class=\"textwidget custom-html-widget\"><a href=\"#\" data-target=\"B\">SOLICITA UNA REUNI\u00d3N<\/a><\/div><\/div><\/div><div id=\"panel-w690222341ae4a-1-0-1\" class=\"widget_text so-panel widget widget_custom_html panel-last-child\" data-index=\"2\" ><div class=\"widget_text panel-widget-style panel-widget-style-for-w690222341ae4a-1-0-1\" ><div class=\"textwidget custom-html-widget\"><a href=\"b2-b\">SOLICITA UNA REUNI\u00d3N<\/a><\/div><\/div><\/div><\/div><\/div><\/div><\/div><\/div><\/div><\/div><\/div><\/div><\/div>","protected":false},"excerpt":{"rendered":"<p>En el mercado global actual, encontrar los proveedores adecuados y gestionar las compras internacionales puede ser un desaf\u00edo complejo y [&hellip;]<\/p>\n","protected":false},"author":1,"featured_media":0,"parent":0,"menu_order":0,"comment_status":"closed","ping_status":"closed","template":"page-templates\/pagebuilder.php","meta":{"footnotes":""},"class_list":["post-957","page","type-page","status-publish","hentry"],"_links":{"self":[{"href":"https:\/\/mifenixcargo.com\/web\/wp-json\/wp\/v2\/pages\/957","targetHints":{"allow":["GET"]}}],"collection":[{"href":"https:\/\/mifenixcargo.com\/web\/wp-json\/wp\/v2\/pages"}],"about":[{"href":"https:\/\/mifenixcargo.com\/web\/wp-json\/wp\/v2\/types\/page"}],"author":[{"embeddable":true,"href":"https:\/\/mifenixcargo.com\/web\/wp-json\/wp\/v2\/users\/1"}],"replies":[{"embeddable":true,"href":"https:\/\/mifenixcargo.com\/web\/wp-json\/wp\/v2\/comments?post=957"}],"version-history":[{"count":52,"href":"https:\/\/mifenixcargo.com\/web\/wp-json\/wp\/v2\/pages\/957\/revisions"}],"predecessor-version":[{"id":3295,"href":"https:\/\/mifenixcargo.com\/web\/wp-json\/wp\/v2\/pages\/957\/revisions\/3295"}],"wp:attachment":[{"href":"https:\/\/mifenixcargo.com\/web\/wp-json\/wp\/v2\/media?parent=957"}],"curies":[{"name":"wp","href":"https:\/\/api.w.org\/{rel}","templated":true}]}}