{"id":951,"date":"2025-05-27T14:20:28","date_gmt":"2025-05-27T12:20:28","guid":{"rendered":"https:\/\/carlosacosta.com.co\/fenix\/?page_id=951"},"modified":"2025-10-29T16:39:37","modified_gmt":"2025-10-29T15:39:37","slug":"logistica-inversa","status":"publish","type":"page","link":"https:\/\/mifenixcargo.com\/web\/logistica-inversa\/","title":{"rendered":"Log\u00edstica Inversa"},"content":{"rendered":"<div id=\"pl-951\"  class=\"panel-layout\" ><div id=\"pg-951-0\"  class=\"panel-grid panel-has-style\" ><div class=\"aos-fade-down siteorigin-panels-stretch panel-row-style panel-row-style-for-951-0\" data-stretch-type=\"full-width-stretch\" ><div id=\"pgc-951-0-0\"  class=\"panel-grid-cell\" ><div id=\"panel-951-0-0-0\" class=\"so-panel widget widget_themegrill_flash_heading tg-widget section-title-wrapper panel-first-child panel-last-child\" data-index=\"0\" ><div class=\"fondoencabezadofinal flash_inherit_color panel-widget-style panel-widget-style-for-951-0-0-0\" >\t<h3 class=\"section-title\">LOG\u00cdSTICA INVERSA<\/h3>\n\t<div class=\"section-description\">Resuelve tus devoluciones con eficiencia<\/div>\n<\/div><\/div><\/div><\/div><\/div>\n\t\t\t<video \n\t\t\t\tid=\"so_bgvideo_69faae61947f3\" \n\t\t\t\tclass=\"so_video_bg jquery-background-video\" \n\t\t\t\tloop \n\t\t\t\tautoplay \n\t\t\t\tplaysinline\n\t\t\t\tmuted\n\t\t\t\tdata-bgvideo\n\t\t\t\tposter=\"https:\/\/mifenixcargo.com\/web\/wp-content\/uploads\/2025\/10\/sl1C.jpg\"\t\t\t\tdata-bgvideo-fade-in=\"500\"\t\t\t\tdata-bgvideo-pause-after=\"120\"\t\t\t\tdata-bgvideo-show-pause-play=false\t\t\t\tdata-bgvideo-pause-play-x-pos=\"right\"\t\t\t\tdata-bgvideo-pause-play-y-pos=\"top\" \n\t\t\t\t>\n\t\t\t\t\t<source src=\"https:\/\/mifenixcargo.com\/web\/wp-content\/uploads\/2025\/06\/mixkit-a-woman-receiving-a-package-from-delivery-guy-23841-hd-ready.mp4\" type=\"video\/mp4\">\t\t\t\t\t\t\t\t\t\t\t\t\t<\/video>\n\n\t\t\t\n\t\t\t<script type=\"text\/javascript\">\n\t\t\t(function() {\n\t\t\t\t\/\/ Move the video and container into the row as the first child\n\t\t\t\tvar video_tag = document.getElementById(\"so_bgvideo_69faae61947f3\");\n\t\t\t\tvar video_overlay = document.getElementById(\"so_bgvideo_overlay_69faae61947f3\");\n\t\t\t\tvar video_row = video_tag.previousSibling;\n\t\t\t\twhile(video_row && video_row.nodeType != 1) {\n\t\t\t\t\tvideo_row = video_row.previousSibling;\n\t\t\t\t}\n\t\t\t\tvar row_inner = video_row.firstChild;\n\t\t\t\trow_inner.insertBefore( video_tag, row_inner.firstChild );\n\t\t\t\tif( video_overlay ) {\n\t\t\t\t\trow_inner.insertBefore( video_overlay, video_tag.nextSibling);\n\t\t\t\t}\n\t\t\t\trow_inner.className += ' so_video_bg_row jquery-background-video-wrapper';\n\t\t\t\tvideo_tag.play();\n\t\t\t}());\n\t\t\t<\/script>\n\n\t\t\t<div id=\"pg-951-1\"  class=\"panel-grid panel-has-style\" ><div class=\"siteorigin-panels-stretch panel-row-style panel-row-style-for-951-1\" id=\"transporteglobal\" data-stretch-type=\"full\" ><div id=\"pgc-951-1-0\"  class=\"panel-grid-cell\" ><div id=\"panel-951-1-0-0\" class=\"widget_text so-panel widget widget_custom_html panel-first-child\" data-index=\"1\" ><div class=\"textwidget custom-html-widget\"><h3 style=\"color: #0176af;\">DEVOLUCIONES GESTIONADAS, <span style=\"color: #201e57;\">VALOR RECUPERADO<\/span><\/h3><hr style=\"width:150px\"><\/div><\/div><div id=\"panel-951-1-0-1\" class=\"so-panel widget widget_text panel-last-child\" data-index=\"2\" ><div class=\"aos-fade-down panel-widget-style panel-widget-style-for-951-1-0-1\" >\t\t\t<div class=\"textwidget\"><p>Las devoluciones y retornos de productos son una parte inevitable del ciclo comercial, pero su gesti\u00f3n no tiene por qu\u00e9 ser un dolor de cabeza. Nuestro servicio de <strong>Log\u00edstica Inversa<\/strong> est\u00e1 dise\u00f1ado para transformar este desaf\u00edo en una ventaja operativa, permiti\u00e9ndole manejar los productos retornados de manera <strong>eficiente, organizada y rentable.<\/strong><\/p>\n<p><strong>Recibimos, evaluamos y gestionamos productos retornados<\/strong> a trav\u00e9s de <strong>procesos \u00e1giles y trazables,<\/strong> brind\u00e1ndole una visibilidad completa y la capacidad de recuperar valor de su inventario. Desde la devoluci\u00f3n de un cliente hasta la gesti\u00f3n de inventario obsoleto o defectuoso, nos encargamos de que cada retorno sea un proceso optimizado, minimizando p\u00e9rdidas y maximizando su sostenibilidad operativa.<\/p>\n<\/div>\n\t\t<\/div><\/div><\/div><\/div><\/div><div id=\"pg-951-2\"  class=\"panel-grid panel-has-style\" ><div class=\"aos-fade so-rounded panel-row-style panel-row-style-for-951-2\" id=\"ventajas1\" ><div id=\"pgc-951-2-0\"  class=\"panel-grid-cell\" ><div class=\"so-rounded panel-cell-style panel-cell-style-for-951-2-0\" ><div id=\"panel-951-2-0-0\" class=\"widget_text so-panel widget widget_custom_html panel-first-child\" data-index=\"3\" ><div class=\"widget_text panel-widget-style panel-widget-style-for-951-2-0-0\" ><div class=\"textwidget custom-html-widget\"><h3 style=\"color: #FFA500\">VENTAJAS<span style=\"color: white\"> DE NUESTRO SERVICIO DE<\/span><br><span style=\"color: #FFA500;\">LOG\u00cdSTICA INVERSA<\/span><\/h3><hr style=\"width:150px\"><\/div><\/div><\/div><div id=\"panel-951-2-0-1\" class=\"widget_text so-panel widget widget_custom_html panel-last-child\" data-index=\"4\" ><div class=\"widget_text panel-widget-style panel-widget-style-for-951-2-0-1\" ><div class=\"textwidget custom-html-widget\"><p>\n\t<strong><i class=\"fa fa-chevron-right\"><\/i> Eficiencia Operativa:<\/strong> Procesos optimizados para una r\u00e1pida recepci\u00f3n, clasificaci\u00f3n y disposici\u00f3n de los productos retornados.\n<\/p>\n<p>\n\t<strong><i class=\"fa fa-chevron-right\"><\/i> Visibilidad y Trazabilidad:<\/strong> Monitoreo completo del estado de cada art\u00edculo, desde su origen hasta su destino final (re-almacenamiento, reparaci\u00f3n, reciclaje).\n<\/p>\n<p>\n\t<strong><i class=\"fa fa-chevron-right\"><\/i> Recuperaci\u00f3n de Valor:<\/strong> Identificamos oportunidades para reintroducir productos al mercado, reparar, reciclar o desechar de manera responsable, minimizando p\u00e9rdidas.\n<\/p>\n<p>\n\t<strong><i class=\"fa fa-chevron-right\"><\/i> Mejora de la Experiencia del Cliente:<\/strong> Un proceso de devoluci\u00f3n sencillo y r\u00e1pido que refuerza la confianza de sus clientes.\n<\/p>\n<p>\n\t<strong><i class=\"fa fa-chevron-right\"><\/i> Reducci\u00f3n de Costos:<\/strong> Eliminamos la complejidad y los gastos asociados con la gesti\u00f3n interna de retornos.\n<\/p><\/div><\/div><\/div><\/div><\/div><div id=\"pgc-951-2-1\"  class=\"panel-grid-cell\" ><div class=\"panel-cell-style panel-cell-style-for-951-2-1\" ><div id=\"panel-951-2-1-0\" class=\"so-panel widget widget_media_image panel-first-child panel-last-child\" data-index=\"5\" ><div class=\"imgcontent panel-widget-style panel-widget-style-for-951-2-1-0\" ><img loading=\"lazy\" decoding=\"async\" width=\"683\" height=\"1024\" src=\"https:\/\/mifenixcargo.com\/web\/wp-content\/uploads\/2025\/06\/distribucion-afroamericana-trabajador-de-almacen-brazo-escaneo-codigo-de-la-caja-683x1024.jpg\" class=\"image wp-image-1141  attachment-large size-large\" alt=\"\" style=\"max-width: 100%; height: auto;\" srcset=\"https:\/\/mifenixcargo.com\/web\/wp-content\/uploads\/2025\/06\/distribucion-afroamericana-trabajador-de-almacen-brazo-escaneo-codigo-de-la-caja-683x1024.jpg 683w, https:\/\/mifenixcargo.com\/web\/wp-content\/uploads\/2025\/06\/distribucion-afroamericana-trabajador-de-almacen-brazo-escaneo-codigo-de-la-caja-200x300.jpg 200w, https:\/\/mifenixcargo.com\/web\/wp-content\/uploads\/2025\/06\/distribucion-afroamericana-trabajador-de-almacen-brazo-escaneo-codigo-de-la-caja-768x1152.jpg 768w, https:\/\/mifenixcargo.com\/web\/wp-content\/uploads\/2025\/06\/distribucion-afroamericana-trabajador-de-almacen-brazo-escaneo-codigo-de-la-caja-1024x1536.jpg 1024w, https:\/\/mifenixcargo.com\/web\/wp-content\/uploads\/2025\/06\/distribucion-afroamericana-trabajador-de-almacen-brazo-escaneo-codigo-de-la-caja-1365x2048.jpg 1365w, https:\/\/mifenixcargo.com\/web\/wp-content\/uploads\/2025\/06\/distribucion-afroamericana-trabajador-de-almacen-brazo-escaneo-codigo-de-la-caja-scaled.jpg 1707w\" sizes=\"auto, (max-width: 683px) 100vw, 683px\" \/><\/div><\/div><\/div><\/div><\/div><\/div><div id=\"pg-951-3\"  class=\"panel-grid panel-has-style\" ><div class=\"siteorigin-panels-stretch panel-row-style panel-row-style-for-951-3\" data-stretch-type=\"full-width-stretch\" ><div id=\"pgc-951-3-0\"  class=\"panel-grid-cell\" ><div id=\"panel-951-3-0-0\" class=\"so-panel widget widget_themegrill_flash_heading tg-widget section-title-wrapper panel-first-child panel-last-child\" data-index=\"6\" ><div class=\"aos-fade-down panel-widget-style panel-widget-style-for-951-3-0-0\" >\t<h3 class=\"section-title\">NUESTRO PROCESO DE LOG\u00cdSTICA INVERSA<\/h3>\n<\/div><\/div><\/div><\/div><\/div><div id=\"pg-951-4\"  class=\"panel-grid panel-has-style\" ><div class=\"siteorigin-panels-stretch panel-row-style panel-row-style-for-951-4\" id=\"pasosmaritima\" data-stretch-type=\"full\" ><div id=\"pgc-951-4-0\"  class=\"panel-grid-cell\" ><div id=\"panel-951-4-0-0\" class=\"so-panel widget widget_siteorigin-panels-builder panel-first-child panel-last-child\" data-index=\"7\" ><div class=\"cajas1a panel-widget-style panel-widget-style-for-951-4-0-0\" ><div id=\"pl-w68f7885778b9e\"  class=\"panel-layout\" ><div id=\"pg-w68f7885778b9e-0\"  class=\"panel-grid panel-no-style\" ><div id=\"pgc-w68f7885778b9e-0-0\"  class=\"panel-grid-cell\" ><div id=\"panel-w68f7885778b9e-0-0-0\" class=\"so-panel widget widget_themegrill_flash_image tg-widget tg-image-widget panel-first-child panel-last-child\" data-index=\"0\" ><div class=\"aos-fade-down panel-widget-style panel-widget-style-for-w68f7885778b9e-0-0-0\" >\t<img decoding=\"async\" src=\"https:\/\/mifenixcargo.com\/web\/wp-content\/uploads\/2025\/05\/caja.png\" \/>\n<\/div><\/div><\/div><div id=\"pgc-w68f7885778b9e-0-1\"  class=\"panel-grid-cell\" ><div id=\"panel-w68f7885778b9e-0-1-0\" class=\"so-panel widget widget_themegrill_flash_heading tg-widget section-title-wrapper panel-first-child panel-last-child\" data-index=\"1\" ><div class=\"aos-fade-down panel-widget-style panel-widget-style-for-w68f7885778b9e-0-1-0\" >\t<h3 class=\"section-title\">RECEPCI\u00d3N Y CLASIFICACI\u00d3N<\/h3>\n<\/div><\/div><\/div><\/div><div id=\"pg-w68f7885778b9e-1\"  class=\"panel-grid panel-no-style\" ><div id=\"pgc-w68f7885778b9e-1-0\"  class=\"panel-grid-cell\" ><div id=\"panel-w68f7885778b9e-1-0-0\" class=\"so-panel widget widget_text panel-first-child panel-last-child\" data-index=\"2\" ><div class=\"aos-fade-down panel-widget-style panel-widget-style-for-w68f7885778b9e-1-0-0\" >\t\t\t<div class=\"textwidget\"><p>Gestionamos la <strong>recepci\u00f3n y descarga<\/strong> de los productos devueltos en nuestras instalaciones. Realizamos una <strong>clasificaci\u00f3n inicial<\/strong> minuciosa basada en el motivo del retorno, el estado del producto y su destino potencial (reventa, reparaci\u00f3n, desecho), garantizando un manejo adecuado desde el primer momento.<\/p>\n<\/div>\n\t\t<\/div><\/div><\/div><\/div><\/div><\/div><\/div><\/div><div id=\"pgc-951-4-1\"  class=\"panel-grid-cell\" ><div id=\"panel-951-4-1-0\" class=\"so-panel widget widget_siteorigin-panels-builder panel-first-child panel-last-child\" data-index=\"8\" ><div class=\"cajas1a panel-widget-style panel-widget-style-for-951-4-1-0\" ><div id=\"pl-w68f7885779137\"  class=\"panel-layout\" ><div id=\"pg-w68f7885779137-0\"  class=\"panel-grid panel-no-style\" ><div id=\"pgc-w68f7885779137-0-0\"  class=\"panel-grid-cell\" ><div id=\"panel-w68f7885779137-0-0-0\" class=\"so-panel widget widget_themegrill_flash_image tg-widget tg-image-widget panel-first-child panel-last-child\" data-index=\"0\" ><div class=\"aos-fade-down panel-widget-style panel-widget-style-for-w68f7885779137-0-0-0\" >\t<img decoding=\"async\" src=\"https:\/\/mifenixcargo.com\/web\/wp-content\/uploads\/2025\/05\/docs.png\" \/>\n<\/div><\/div><\/div><div id=\"pgc-w68f7885779137-0-1\"  class=\"panel-grid-cell\" ><div id=\"panel-w68f7885779137-0-1-0\" class=\"so-panel widget widget_themegrill_flash_heading tg-widget section-title-wrapper panel-first-child panel-last-child\" data-index=\"1\" ><div class=\"aos-fade-down panel-widget-style panel-widget-style-for-w68f7885779137-0-1-0\" >\t<h3 class=\"section-title\">EVALUACI\u00d3N Y DISPOSICI\u00d3N<\/h3>\n<\/div><\/div><\/div><\/div><div id=\"pg-w68f7885779137-1\"  class=\"panel-grid panel-no-style\" ><div id=\"pgc-w68f7885779137-1-0\"  class=\"panel-grid-cell\" ><div id=\"panel-w68f7885779137-1-0-0\" class=\"so-panel widget widget_text panel-first-child panel-last-child\" data-index=\"2\" ><div class=\"aos-fade-down panel-widget-style panel-widget-style-for-w68f7885779137-1-0-0\" >\t\t\t<div class=\"textwidget\"><p>Cada art\u00edculo retornado pasa por una <strong>evaluaci\u00f3n detallada<\/strong> para determinar su condici\u00f3n real y el mejor camino a seguir. Proponemos y ejecutamos la <strong>disposici\u00f3n inteligente,<\/strong> que puede incluir: re-almacenamiento para venta, reacondicionamiento, reparaci\u00f3n, env\u00edo a proveedores, reciclaje o desecho ecol\u00f3gico.<\/p>\n<\/div>\n\t\t<\/div><\/div><\/div><\/div><\/div><\/div><\/div><\/div><div id=\"pgc-951-4-2\"  class=\"panel-grid-cell\" ><div id=\"panel-951-4-2-0\" class=\"so-panel widget widget_siteorigin-panels-builder panel-first-child panel-last-child\" data-index=\"9\" ><div class=\"cajas1a panel-widget-style panel-widget-style-for-951-4-2-0\" ><div id=\"pl-w68f788577955d\"  class=\"panel-layout\" ><div id=\"pg-w68f788577955d-0\"  class=\"panel-grid panel-no-style\" ><div id=\"pgc-w68f788577955d-0-0\"  class=\"panel-grid-cell\" ><div id=\"panel-w68f788577955d-0-0-0\" class=\"so-panel widget widget_themegrill_flash_image tg-widget tg-image-widget panel-first-child panel-last-child\" data-index=\"0\" ><div class=\"aos-fade-down panel-widget-style panel-widget-style-for-w68f788577955d-0-0-0\" >\t<img decoding=\"async\" src=\"https:\/\/mifenixcargo.com\/web\/wp-content\/uploads\/2025\/05\/send-plane-line-bg-1.png\" \/>\n<\/div><\/div><\/div><div id=\"pgc-w68f788577955d-0-1\"  class=\"panel-grid-cell\" ><div id=\"panel-w68f788577955d-0-1-0\" class=\"so-panel widget widget_themegrill_flash_heading tg-widget section-title-wrapper panel-first-child panel-last-child\" data-index=\"1\" ><div class=\"aos-fade-down panel-widget-style panel-widget-style-for-w68f788577955d-0-1-0\" >\t<h3 class=\"section-title\">REINTEGRACI\u00d3N Y REPORTE FINAL<\/h3>\n<\/div><\/div><\/div><\/div><div id=\"pg-w68f788577955d-1\"  class=\"panel-grid panel-no-style\" ><div id=\"pgc-w68f788577955d-1-0\"  class=\"panel-grid-cell\" ><div id=\"panel-w68f788577955d-1-0-0\" class=\"so-panel widget widget_text panel-first-child panel-last-child\" data-index=\"2\" ><div class=\"aos-fade-down panel-widget-style panel-widget-style-for-w68f788577955d-1-0-0\" >\t\t\t<div class=\"textwidget\"><p>Nos encargamos de la <strong>reintegraci\u00f3n de los productos aptos<\/strong> a su inventario disponible para la venta, o de su env\u00edo a los destinos de reparaci\u00f3n\/reciclaje. Finalmente, le proporcionamos <strong>reportes detallados y trazables<\/strong> sobre el volumen, el estado y el destino de cada retorno, brind\u00e1ndole datos valiosos para la toma de decisiones y la optimizaci\u00f3n continua de sus procesos.<\/p>\n<\/div>\n\t\t<\/div><\/div><\/div><\/div><\/div><\/div><\/div><\/div><\/div><\/div><div id=\"pg-951-5\"  class=\"panel-grid panel-has-style\" ><div class=\"siteorigin-panels-stretch panel-row-style panel-row-style-for-951-5\" id=\"transporteglobal\" data-stretch-type=\"full\" ><div id=\"pgc-951-5-0\"  class=\"panel-grid-cell\" ><div id=\"panel-951-5-0-0\" class=\"so-panel widget widget_siteorigin-panels-builder panel-first-child panel-last-child\" data-index=\"10\" ><div class=\"aos-fade-down panel-widget-style panel-widget-style-for-951-5-0-0\" ><div id=\"pl-w690221ffe5728\"  class=\"panel-layout\" ><div id=\"pg-w690221ffe5728-0\"  class=\"panel-grid panel-no-style\" ><div id=\"pgc-w690221ffe5728-0-0\"  class=\"panel-grid-cell\" ><div id=\"panel-w690221ffe5728-0-0-0\" class=\"so-panel widget widget_themegrill_flash_heading tg-widget section-title-wrapper panel-first-child panel-last-child\" data-index=\"0\" ><div class=\"flash_inherit_color panel-widget-style panel-widget-style-for-w690221ffe5728-0-0-0\" >\t<h3 class=\"section-title\">Transforma tu log\u00edstica con Fenix<\/h3>\n<\/div><\/div><\/div><\/div><div id=\"pg-w690221ffe5728-1\"  class=\"panel-grid panel-has-style\" ><div id=\"cotizacionCarga\" class=\"panel-row-style panel-row-style-for-w690221ffe5728-1\" ><div id=\"pgc-w690221ffe5728-1-0\"  class=\"panel-grid-cell\" ><div id=\"panel-w690221ffe5728-1-0-0\" class=\"widget_text so-panel widget widget_custom_html panel-first-child\" data-index=\"1\" ><div class=\"widget_text panel-widget-style panel-widget-style-for-w690221ffe5728-1-0-0\" ><div class=\"textwidget custom-html-widget\"><a href=\"#\" data-target=\"B\">SOLICITA UNA REUNI\u00d3N<\/a><\/div><\/div><\/div><div id=\"panel-w690221ffe5728-1-0-1\" class=\"widget_text so-panel widget widget_custom_html panel-last-child\" data-index=\"2\" ><div class=\"widget_text panel-widget-style panel-widget-style-for-w690221ffe5728-1-0-1\" ><div class=\"textwidget custom-html-widget\"><a href=\"b2-b\">SOLICITA UNA REUNI\u00d3N<\/a><\/div><\/div><\/div><\/div><\/div><\/div><\/div><\/div><\/div><\/div><\/div><\/div><\/div>","protected":false},"excerpt":{"rendered":"<p>Las devoluciones y retornos de productos son una parte inevitable del ciclo comercial, pero su gesti\u00f3n no tiene por qu\u00e9 [&hellip;]<\/p>\n","protected":false},"author":1,"featured_media":0,"parent":0,"menu_order":0,"comment_status":"closed","ping_status":"closed","template":"page-templates\/pagebuilder.php","meta":{"footnotes":""},"class_list":["post-951","page","type-page","status-publish","hentry"],"_links":{"self":[{"href":"https:\/\/mifenixcargo.com\/web\/wp-json\/wp\/v2\/pages\/951","targetHints":{"allow":["GET"]}}],"collection":[{"href":"https:\/\/mifenixcargo.com\/web\/wp-json\/wp\/v2\/pages"}],"about":[{"href":"https:\/\/mifenixcargo.com\/web\/wp-json\/wp\/v2\/types\/page"}],"author":[{"embeddable":true,"href":"https:\/\/mifenixcargo.com\/web\/wp-json\/wp\/v2\/users\/1"}],"replies":[{"embeddable":true,"href":"https:\/\/mifenixcargo.com\/web\/wp-json\/wp\/v2\/comments?post=951"}],"version-history":[{"count":31,"href":"https:\/\/mifenixcargo.com\/web\/wp-json\/wp\/v2\/pages\/951\/revisions"}],"predecessor-version":[{"id":3293,"href":"https:\/\/mifenixcargo.com\/web\/wp-json\/wp\/v2\/pages\/951\/revisions\/3293"}],"wp:attachment":[{"href":"https:\/\/mifenixcargo.com\/web\/wp-json\/wp\/v2\/media?parent=951"}],"curies":[{"name":"wp","href":"https:\/\/api.w.org\/{rel}","templated":true}]}}