{"id":928,"date":"2025-05-27T13:51:05","date_gmt":"2025-05-27T11:51:05","guid":{"rendered":"https:\/\/carlosacosta.com.co\/fenix\/?page_id=928"},"modified":"2025-10-29T16:26:54","modified_gmt":"2025-10-29T15:26:54","slug":"distribucion","status":"publish","type":"page","link":"https:\/\/mifenixcargo.com\/web\/distribucion\/","title":{"rendered":"Distribuci\u00f3n"},"content":{"rendered":"<div id=\"pl-928\"  class=\"panel-layout\" ><div id=\"pg-928-0\"  class=\"panel-grid panel-has-style\" ><div class=\"aos-fade-down siteorigin-panels-stretch panel-row-style panel-row-style-for-928-0\" data-stretch-type=\"full-width-stretch\" ><div id=\"pgc-928-0-0\"  class=\"panel-grid-cell\" ><div id=\"panel-928-0-0-0\" class=\"so-panel widget widget_themegrill_flash_heading tg-widget section-title-wrapper panel-first-child panel-last-child\" data-index=\"0\" ><div class=\"fondoencabezadofinal flash_inherit_color panel-widget-style panel-widget-style-for-928-0-0-0\" >\t<h3 class=\"section-title\">DISTRIBUCI\u00d3N<\/h3>\n\t<div class=\"section-description\">Movemos tu negocio con precisi\u00f3n<\/div>\n<\/div><\/div><\/div><\/div><\/div>\n\t\t\t<video \n\t\t\t\tid=\"so_bgvideo_69e488797b6e4\" \n\t\t\t\tclass=\"so_video_bg jquery-background-video\" \n\t\t\t\tloop \n\t\t\t\tautoplay \n\t\t\t\tplaysinline\n\t\t\t\tmuted\n\t\t\t\tdata-bgvideo\n\t\t\t\tposter=\"https:\/\/mifenixcargo.com\/web\/wp-content\/uploads\/2025\/10\/sl1B.jpg\"\t\t\t\tdata-bgvideo-fade-in=\"500\"\t\t\t\tdata-bgvideo-pause-after=\"120\"\t\t\t\tdata-bgvideo-show-pause-play=false\t\t\t\tdata-bgvideo-pause-play-x-pos=\"right\"\t\t\t\tdata-bgvideo-pause-play-y-pos=\"top\" \n\t\t\t\t>\n\t\t\t\t\t<source src=\"https:\/\/mifenixcargo.com\/web\/wp-content\/uploads\/2025\/06\/5044416-uhd_3840_2160_30fps.mp4\" type=\"video\/mp4\">\t\t\t\t\t\t\t\t\t\t\t\t\t<\/video>\n\n\t\t\t\n\t\t\t<script type=\"text\/javascript\">\n\t\t\t(function() {\n\t\t\t\t\/\/ Move the video and container into the row as the first child\n\t\t\t\tvar video_tag = document.getElementById(\"so_bgvideo_69e488797b6e4\");\n\t\t\t\tvar video_overlay = document.getElementById(\"so_bgvideo_overlay_69e488797b6e4\");\n\t\t\t\tvar video_row = video_tag.previousSibling;\n\t\t\t\twhile(video_row && video_row.nodeType != 1) {\n\t\t\t\t\tvideo_row = video_row.previousSibling;\n\t\t\t\t}\n\t\t\t\tvar row_inner = video_row.firstChild;\n\t\t\t\trow_inner.insertBefore( video_tag, row_inner.firstChild );\n\t\t\t\tif( video_overlay ) {\n\t\t\t\t\trow_inner.insertBefore( video_overlay, video_tag.nextSibling);\n\t\t\t\t}\n\t\t\t\trow_inner.className += ' so_video_bg_row jquery-background-video-wrapper';\n\t\t\t\tvideo_tag.play();\n\t\t\t}());\n\t\t\t<\/script>\n\n\t\t\t<div id=\"pg-928-1\"  class=\"panel-grid panel-has-style\" ><div class=\"siteorigin-panels-stretch panel-row-style panel-row-style-for-928-1\" id=\"transporteglobal\" data-stretch-type=\"full\" ><div id=\"pgc-928-1-0\"  class=\"panel-grid-cell\" ><div id=\"panel-928-1-0-0\" class=\"widget_text so-panel widget widget_custom_html panel-first-child\" data-index=\"1\" ><div class=\"textwidget custom-html-widget\"><h3 style=\"color: #0176af;\">DISTRIBUCI\u00d3N <span style=\"color: #201e57;\">ESTRAT\u00c9GICA<\/span><\/h3><hr style=\"width:150px\"><\/div><\/div><div id=\"panel-928-1-0-1\" class=\"so-panel widget widget_text panel-last-child\" data-index=\"2\" ><div class=\"aos-fade-down panel-widget-style panel-widget-style-for-928-1-0-1\" >\t\t\t<div class=\"textwidget\"><p>La \u00faltima milla es crucial para la satisfacci\u00f3n de tus clientes y la reputaci\u00f3n de tu marca. Nuestro servicio de <strong>Distribuci\u00f3n Estrat\u00e9gica<\/strong> est\u00e1 dise\u00f1ado para garantizar que tus productos lleguen a su destino final con la m\u00e1xima <strong>precisi\u00f3n, rapidez y eficiencia<\/strong>, sin importar el tama\u00f1o o la complejidad de tu operaci\u00f3n.<\/p>\n<p>Ofrecemos <strong>entregas r\u00e1pidas y trazables,<\/strong> adaptadas espec\u00edficamente al <strong>tama\u00f1o y din\u00e1mica de tu empresa.<\/strong> Ya sea que operes en el <strong>ecommerce<\/strong>, el <strong>retail<\/strong> o como <strong>mayorista<\/strong>, nuestras soluciones de distribuci\u00f3n est\u00e1n pensadas para optimizar tus tiempos de entrega, reducir costos operativos y mejorar la experiencia de tu cliente.<\/p>\n<\/div>\n\t\t<\/div><\/div><\/div><\/div><\/div><div id=\"pg-928-2\"  class=\"panel-grid panel-has-style\" ><div class=\"aos-fade so-rounded panel-row-style panel-row-style-for-928-2\" id=\"ventajas1\" ><div id=\"pgc-928-2-0\"  class=\"panel-grid-cell\" ><div class=\"so-rounded panel-cell-style panel-cell-style-for-928-2-0\" ><div id=\"panel-928-2-0-0\" class=\"widget_text so-panel widget widget_custom_html panel-first-child\" data-index=\"3\" ><div class=\"widget_text panel-widget-style panel-widget-style-for-928-2-0-0\" ><div class=\"textwidget custom-html-widget\"><h3 style=\"color: #FFA500\">VENTAJAS<span style=\"color: white\"> DE NUESTRO SERVICIO DE<\/span><br><span style=\"color: #FFA500;\">DISTRIBUCI\u00d3N<\/span><\/h3><hr style=\"width:150px\"><\/div><\/div><\/div><div id=\"panel-928-2-0-1\" class=\"widget_text so-panel widget widget_custom_html panel-last-child\" data-index=\"4\" ><div class=\"widget_text panel-widget-style panel-widget-style-for-928-2-0-1\" ><div class=\"textwidget custom-html-widget\"><p>\n\t<strong><i class=\"fa fa-chevron-right\"><\/i> Entregas Optimizadas:<\/strong> Rutas inteligentes y planificaci\u00f3n eficiente para reducir tiempos de tr\u00e1nsito y costos.\n<\/p>\n<p>\n\t<strong><i class=\"fa fa-chevron-right\"><\/i> Trazabilidad Completa:<\/strong> Monitoreo y visibilidad en tiempo real de cada env\u00edo, desde nuestro centro de distribuci\u00f3n hasta la puerta del cliente.\n<\/p>\n<p>\n\t<strong><i class=\"fa fa-chevron-right\"><\/i> Flexibilidad para Tu Negocio:<\/strong> Soluciones escalables que se adaptan a picos de demanda, diferentes vol\u00famenes y tipos de mercanc\u00eda.\n<\/p>\n<p>\n\t<strong><i class=\"fa fa-chevron-right\"><\/i> Atenci\u00f3n a Diferentes Canales:<\/strong> Expertise en la log\u00edstica de distribuci\u00f3n para ecommerce (B2C), retail (reposici\u00f3n de tiendas) y mayoristas (B2B).\n<\/p>\n<p>\n\t<strong><i class=\"fa fa-chevron-right\"><\/i> Red Confiable:<\/strong> Nuestra infraestructura y alianzas garantizan una cobertura amplia y segura.\n<\/p>\n<p>\n\t<strong><i class=\"fa fa-chevron-right\"><\/i> Reducci\u00f3n de Riesgos:<\/strong> Minimizaci\u00f3n de errores y p\u00e9rdidas gracias a procesos controlados y tecnolog\u00eda avanzada.\n<\/p><\/div><\/div><\/div><\/div><\/div><div id=\"pgc-928-2-1\"  class=\"panel-grid-cell\" ><div class=\"panel-cell-style panel-cell-style-for-928-2-1\" ><div id=\"panel-928-2-1-0\" class=\"so-panel widget widget_media_image panel-first-child panel-last-child\" data-index=\"5\" ><div class=\"imgcontent panel-widget-style panel-widget-style-for-928-2-1-0\" ><img loading=\"lazy\" decoding=\"async\" width=\"683\" height=\"1024\" src=\"https:\/\/mifenixcargo.com\/web\/wp-content\/uploads\/2025\/06\/hombre-de-entrega-con-paquetes-683x1024.jpg\" class=\"image wp-image-1092  attachment-large size-large\" alt=\"\" style=\"max-width: 100%; height: auto;\" srcset=\"https:\/\/mifenixcargo.com\/web\/wp-content\/uploads\/2025\/06\/hombre-de-entrega-con-paquetes-683x1024.jpg 683w, https:\/\/mifenixcargo.com\/web\/wp-content\/uploads\/2025\/06\/hombre-de-entrega-con-paquetes-200x300.jpg 200w, https:\/\/mifenixcargo.com\/web\/wp-content\/uploads\/2025\/06\/hombre-de-entrega-con-paquetes-768x1152.jpg 768w, https:\/\/mifenixcargo.com\/web\/wp-content\/uploads\/2025\/06\/hombre-de-entrega-con-paquetes-1024x1536.jpg 1024w, https:\/\/mifenixcargo.com\/web\/wp-content\/uploads\/2025\/06\/hombre-de-entrega-con-paquetes-1365x2048.jpg 1365w, https:\/\/mifenixcargo.com\/web\/wp-content\/uploads\/2025\/06\/hombre-de-entrega-con-paquetes-scaled.jpg 1707w\" sizes=\"auto, (max-width: 683px) 100vw, 683px\" \/><\/div><\/div><\/div><\/div><\/div><\/div><div id=\"pg-928-3\"  class=\"panel-grid panel-has-style\" ><div class=\"siteorigin-panels-stretch panel-row-style panel-row-style-for-928-3\" data-stretch-type=\"full-width-stretch\" ><div id=\"pgc-928-3-0\"  class=\"panel-grid-cell\" ><div id=\"panel-928-3-0-0\" class=\"so-panel widget widget_themegrill_flash_heading tg-widget section-title-wrapper panel-first-child panel-last-child\" data-index=\"6\" ><div class=\"aos-fade-down panel-widget-style panel-widget-style-for-928-3-0-0\" >\t<h3 class=\"section-title\">Nuestro Proceso de Distribuci\u00f3n<\/h3>\n<\/div><\/div><\/div><\/div><\/div><div id=\"pg-928-4\"  class=\"panel-grid panel-has-style\" ><div class=\"siteorigin-panels-stretch panel-row-style panel-row-style-for-928-4\" id=\"pasosmaritima\" data-stretch-type=\"full\" ><div id=\"pgc-928-4-0\"  class=\"panel-grid-cell\" ><div id=\"panel-928-4-0-0\" class=\"so-panel widget widget_siteorigin-panels-builder panel-first-child panel-last-child\" data-index=\"7\" ><div class=\"cajas1a panel-widget-style panel-widget-style-for-928-4-0-0\" ><div id=\"pl-w68f786a71b185\"  class=\"panel-layout\" ><div id=\"pg-w68f786a71b185-0\"  class=\"panel-grid panel-no-style\" ><div id=\"pgc-w68f786a71b185-0-0\"  class=\"panel-grid-cell\" ><div id=\"panel-w68f786a71b185-0-0-0\" class=\"so-panel widget widget_themegrill_flash_image tg-widget tg-image-widget panel-first-child panel-last-child\" data-index=\"0\" ><div class=\"aos-fade-down panel-widget-style panel-widget-style-for-w68f786a71b185-0-0-0\" >\t<img decoding=\"async\" src=\"https:\/\/mifenixcargo.com\/web\/wp-content\/uploads\/2025\/05\/recibir.png\" \/>\n<\/div><\/div><\/div><div id=\"pgc-w68f786a71b185-0-1\"  class=\"panel-grid-cell\" ><div id=\"panel-w68f786a71b185-0-1-0\" class=\"so-panel widget widget_themegrill_flash_heading tg-widget section-title-wrapper panel-first-child panel-last-child\" data-index=\"1\" ><div class=\"aos-fade-down panel-widget-style panel-widget-style-for-w68f786a71b185-0-1-0\" >\t<h3 class=\"section-title\">RECEPCI\u00d3N Y PREPARACI\u00d3N<\/h3>\n<\/div><\/div><\/div><\/div><div id=\"pg-w68f786a71b185-1\"  class=\"panel-grid panel-no-style\" ><div id=\"pgc-w68f786a71b185-1-0\"  class=\"panel-grid-cell\" ><div id=\"panel-w68f786a71b185-1-0-0\" class=\"so-panel widget widget_text panel-first-child panel-last-child\" data-index=\"2\" ><div class=\"aos-fade-down panel-widget-style panel-widget-style-for-w68f786a71b185-1-0-0\" >\t\t\t<div class=\"textwidget\"><p>Recibimos tus productos listos para la distribuci\u00f3n o realizamos la <strong>preparaci\u00f3n y empaque<\/strong> de pedidos (picking y packing) seg\u00fan tus especificaciones. Cada art\u00edculo es escaneado y registrado para asegurar una precisi\u00f3n del inventario y una trazabilidad impecable desde el inicio.<\/p>\n<\/div>\n\t\t<\/div><\/div><\/div><\/div><\/div><\/div><\/div><\/div><div id=\"pgc-928-4-1\"  class=\"panel-grid-cell\" ><div id=\"panel-928-4-1-0\" class=\"so-panel widget widget_siteorigin-panels-builder panel-first-child panel-last-child\" data-index=\"8\" ><div class=\"cajas1a panel-widget-style panel-widget-style-for-928-4-1-0\" ><div id=\"pl-w68f786a71b6d2\"  class=\"panel-layout\" ><div id=\"pg-w68f786a71b6d2-0\"  class=\"panel-grid panel-no-style\" ><div id=\"pgc-w68f786a71b6d2-0-0\"  class=\"panel-grid-cell\" ><div id=\"panel-w68f786a71b6d2-0-0-0\" class=\"so-panel widget widget_themegrill_flash_image tg-widget tg-image-widget panel-first-child panel-last-child\" data-index=\"0\" ><div class=\"aos-fade-down panel-widget-style panel-widget-style-for-w68f786a71b6d2-0-0-0\" >\t<img decoding=\"async\" src=\"https:\/\/mifenixcargo.com\/web\/wp-content\/uploads\/2025\/06\/traza.png\" \/>\n<\/div><\/div><\/div><div id=\"pgc-w68f786a71b6d2-0-1\"  class=\"panel-grid-cell\" ><div id=\"panel-w68f786a71b6d2-0-1-0\" class=\"so-panel widget widget_themegrill_flash_heading tg-widget section-title-wrapper panel-first-child panel-last-child\" data-index=\"1\" ><div class=\"aos-fade-down panel-widget-style panel-widget-style-for-w68f786a71b6d2-0-1-0\" >\t<h3 class=\"section-title\">ENTREGA TRAZABLE Y CONFIRMACI\u00d3N FINAL<\/h3>\n<\/div><\/div><\/div><\/div><div id=\"pg-w68f786a71b6d2-1\"  class=\"panel-grid panel-no-style\" ><div id=\"pgc-w68f786a71b6d2-1-0\"  class=\"panel-grid-cell\" ><div id=\"panel-w68f786a71b6d2-1-0-0\" class=\"so-panel widget widget_text panel-first-child panel-last-child\" data-index=\"2\" ><div class=\"aos-fade-down panel-widget-style panel-widget-style-for-w68f786a71b6d2-1-0-0\" >\t\t\t<div class=\"textwidget\"><p>Nuestros veh\u00edculos parten con tu mercanc\u00eda, equipados con tecnolog\u00eda que permite un <strong>seguimiento detallado en tiempo real<\/strong>. Realizamos la entrega en el punto de destino final y obtenemos la <strong>prueba de entrega,<\/strong> que te confirmamos de inmediato, cerrando el ciclo con total transparencia y confianza.<\/p>\n<\/div>\n\t\t<\/div><\/div><\/div><\/div><\/div><\/div><\/div><\/div><div id=\"pgc-928-4-2\"  class=\"panel-grid-cell\" ><div id=\"panel-928-4-2-0\" class=\"so-panel widget widget_siteorigin-panels-builder panel-first-child panel-last-child\" data-index=\"9\" ><div class=\"cajas1a panel-widget-style panel-widget-style-for-928-4-2-0\" ><div id=\"pl-w68f786a71ba6c\"  class=\"panel-layout\" ><div id=\"pg-w68f786a71ba6c-0\"  class=\"panel-grid panel-no-style\" ><div id=\"pgc-w68f786a71ba6c-0-0\"  class=\"panel-grid-cell\" ><div id=\"panel-w68f786a71ba6c-0-0-0\" class=\"so-panel widget widget_themegrill_flash_image tg-widget tg-image-widget panel-first-child panel-last-child\" data-index=\"0\" ><div class=\"aos-fade-down panel-widget-style panel-widget-style-for-w68f786a71ba6c-0-0-0\" >\t<img decoding=\"async\" src=\"https:\/\/mifenixcargo.com\/web\/wp-content\/uploads\/2025\/05\/truck-bg2.png\" \/>\n<\/div><\/div><\/div><div id=\"pgc-w68f786a71ba6c-0-1\"  class=\"panel-grid-cell\" ><div id=\"panel-w68f786a71ba6c-0-1-0\" class=\"so-panel widget widget_themegrill_flash_heading tg-widget section-title-wrapper panel-first-child panel-last-child\" data-index=\"1\" ><div class=\"aos-fade-down panel-widget-style panel-widget-style-for-w68f786a71ba6c-0-1-0\" >\t<h3 class=\"section-title\">PREPARACI\u00d3N DE PEDIDOS Y DESPACHO<\/h3>\n<\/div><\/div><\/div><\/div><div id=\"pg-w68f786a71ba6c-1\"  class=\"panel-grid panel-no-style\" ><div id=\"pgc-w68f786a71ba6c-1-0\"  class=\"panel-grid-cell\" ><div id=\"panel-w68f786a71ba6c-1-0-0\" class=\"so-panel widget widget_text panel-first-child panel-last-child\" data-index=\"2\" ><div class=\"aos-fade-down panel-widget-style panel-widget-style-for-w68f786a71ba6c-1-0-0\" >\t\t\t<div class=\"textwidget\"><p>Gestionamos la <strong>preparaci\u00f3n de tus pedidos (picking y packing)<\/strong> con alta precisi\u00f3n y eficiencia, asegurando que cada env\u00edo contenga los art\u00edculos correctos y el embalaje adecuado. Coordinamos el <strong>despacho<\/strong> con nuestros servicios de transporte (terrestre, a\u00e9reo o mar\u00edtimo) para una salida puntual y una conexi\u00f3n fluida con la siguiente etapa de la cadena log\u00edstica.<\/p>\n<\/div>\n\t\t<\/div><\/div><\/div><\/div><\/div><\/div><\/div><\/div><\/div><\/div><div id=\"pg-928-5\"  class=\"panel-grid panel-has-style\" ><div class=\"siteorigin-panels-stretch panel-row-style panel-row-style-for-928-5\" id=\"transporteglobal\" data-stretch-type=\"full\" ><div id=\"pgc-928-5-0\"  class=\"panel-grid-cell\" ><div id=\"panel-928-5-0-0\" class=\"so-panel widget widget_siteorigin-panels-builder panel-first-child panel-last-child\" data-index=\"10\" ><div class=\"aos-fade-down panel-widget-style panel-widget-style-for-928-5-0-0\" ><div id=\"pl-w6902216ef22dc\"  class=\"panel-layout\" ><div id=\"pg-w6902216ef22dc-0\"  class=\"panel-grid panel-no-style\" ><div id=\"pgc-w6902216ef22dc-0-0\"  class=\"panel-grid-cell\" ><div id=\"panel-w6902216ef22dc-0-0-0\" class=\"so-panel widget widget_themegrill_flash_heading tg-widget section-title-wrapper panel-first-child panel-last-child\" data-index=\"0\" ><div class=\"flash_inherit_color panel-widget-style panel-widget-style-for-w6902216ef22dc-0-0-0\" >\t<h3 class=\"section-title\">Transforma tu log\u00edstica con Fenix<\/h3>\n<\/div><\/div><\/div><\/div><div id=\"pg-w6902216ef22dc-1\"  class=\"panel-grid panel-has-style\" ><div id=\"cotizacionCarga\" class=\"panel-row-style panel-row-style-for-w6902216ef22dc-1\" ><div id=\"pgc-w6902216ef22dc-1-0\"  class=\"panel-grid-cell\" ><div id=\"panel-w6902216ef22dc-1-0-0\" class=\"widget_text so-panel widget widget_custom_html panel-first-child\" data-index=\"1\" ><div class=\"widget_text panel-widget-style panel-widget-style-for-w6902216ef22dc-1-0-0\" ><div class=\"textwidget custom-html-widget\"><a href=\"#\" data-target=\"B\">SOLICITA UNA REUNI\u00d3N<\/a><\/div><\/div><\/div><div id=\"panel-w6902216ef22dc-1-0-1\" class=\"widget_text so-panel widget widget_custom_html panel-last-child\" data-index=\"2\" ><div class=\"widget_text panel-widget-style panel-widget-style-for-w6902216ef22dc-1-0-1\" ><div class=\"textwidget custom-html-widget\"><a href=\"b2-b\">SOLICITA UNA REUNI\u00d3N<\/a><\/div><\/div><\/div><\/div><\/div><\/div><\/div><\/div><\/div><\/div><\/div><\/div><\/div>","protected":false},"excerpt":{"rendered":"<p>La \u00faltima milla es crucial para la satisfacci\u00f3n de tus clientes y la reputaci\u00f3n de tu marca. Nuestro servicio de [&hellip;]<\/p>\n","protected":false},"author":1,"featured_media":0,"parent":0,"menu_order":0,"comment_status":"closed","ping_status":"closed","template":"page-templates\/pagebuilder.php","meta":{"footnotes":""},"class_list":["post-928","page","type-page","status-publish","hentry"],"_links":{"self":[{"href":"https:\/\/mifenixcargo.com\/web\/wp-json\/wp\/v2\/pages\/928","targetHints":{"allow":["GET"]}}],"collection":[{"href":"https:\/\/mifenixcargo.com\/web\/wp-json\/wp\/v2\/pages"}],"about":[{"href":"https:\/\/mifenixcargo.com\/web\/wp-json\/wp\/v2\/types\/page"}],"author":[{"embeddable":true,"href":"https:\/\/mifenixcargo.com\/web\/wp-json\/wp\/v2\/users\/1"}],"replies":[{"embeddable":true,"href":"https:\/\/mifenixcargo.com\/web\/wp-json\/wp\/v2\/comments?post=928"}],"version-history":[{"count":31,"href":"https:\/\/mifenixcargo.com\/web\/wp-json\/wp\/v2\/pages\/928\/revisions"}],"predecessor-version":[{"id":3289,"href":"https:\/\/mifenixcargo.com\/web\/wp-json\/wp\/v2\/pages\/928\/revisions\/3289"}],"wp:attachment":[{"href":"https:\/\/mifenixcargo.com\/web\/wp-json\/wp\/v2\/media?parent=928"}],"curies":[{"name":"wp","href":"https:\/\/api.w.org\/{rel}","templated":true}]}}