{"id":922,"date":"2025-05-27T13:30:04","date_gmt":"2025-05-27T11:30:04","guid":{"rendered":"https:\/\/carlosacosta.com.co\/fenix\/?page_id=922"},"modified":"2025-10-29T15:46:25","modified_gmt":"2025-10-29T14:46:25","slug":"carga-aerea","status":"publish","type":"page","link":"https:\/\/mifenixcargo.com\/web\/carga-aerea\/","title":{"rendered":"Carga A\u00e9rea"},"content":{"rendered":"<div id=\"pl-922\"  class=\"panel-layout\" ><div id=\"pg-922-0\"  class=\"panel-grid panel-has-style\" ><div class=\"aos-fade-down siteorigin-panels-stretch panel-row-style panel-row-style-for-922-0\" data-stretch-type=\"full-width-stretch\" ><div id=\"pgc-922-0-0\"  class=\"panel-grid-cell\" ><div id=\"panel-922-0-0-0\" class=\"so-panel widget widget_themegrill_flash_heading tg-widget section-title-wrapper panel-first-child panel-last-child\" data-index=\"0\" ><div class=\"fondoencabezadofinal flash_inherit_color panel-widget-style panel-widget-style-for-922-0-0-0\" >\t<h3 class=\"section-title\">CARGA A\u00c9REA<\/h3>\n\t<div class=\"section-description\">Velocidad, cobertura y eficiencia a\u00e9rea<\/div>\n<\/div><\/div><\/div><\/div><\/div>\n\t\t\t<video \n\t\t\t\tid=\"so_bgvideo_69e48885789fa\" \n\t\t\t\tclass=\"so_video_bg jquery-background-video\" \n\t\t\t\tloop \n\t\t\t\tautoplay \n\t\t\t\tplaysinline\n\t\t\t\tmuted\n\t\t\t\tdata-bgvideo\n\t\t\t\tposter=\"https:\/\/mifenixcargo.com\/web\/wp-content\/uploads\/2025\/10\/puerto-industrial-y-patio-de-contenedores.jpg\"\t\t\t\tdata-bgvideo-fade-in=\"500\"\t\t\t\tdata-bgvideo-pause-after=\"120\"\t\t\t\tdata-bgvideo-show-pause-play=false\t\t\t\tdata-bgvideo-pause-play-x-pos=\"right\"\t\t\t\tdata-bgvideo-pause-play-y-pos=\"top\" \n\t\t\t\t>\n\t\t\t\t\t<source src=\"https:\/\/mifenixcargo.com\/web\/wp-content\/uploads\/2025\/07\/delta.mp4\" type=\"video\/mp4\">\t\t\t\t\t\t\t\t\t\t\t\t\t<\/video>\n\n\t\t\t\n\t\t\t<script type=\"text\/javascript\">\n\t\t\t(function() {\n\t\t\t\t\/\/ Move the video and container into the row as the first child\n\t\t\t\tvar video_tag = document.getElementById(\"so_bgvideo_69e48885789fa\");\n\t\t\t\tvar video_overlay = document.getElementById(\"so_bgvideo_overlay_69e48885789fa\");\n\t\t\t\tvar video_row = video_tag.previousSibling;\n\t\t\t\twhile(video_row && video_row.nodeType != 1) {\n\t\t\t\t\tvideo_row = video_row.previousSibling;\n\t\t\t\t}\n\t\t\t\tvar row_inner = video_row.firstChild;\n\t\t\t\trow_inner.insertBefore( video_tag, row_inner.firstChild );\n\t\t\t\tif( video_overlay ) {\n\t\t\t\t\trow_inner.insertBefore( video_overlay, video_tag.nextSibling);\n\t\t\t\t}\n\t\t\t\trow_inner.className += ' so_video_bg_row jquery-background-video-wrapper';\n\t\t\t\tvideo_tag.play();\n\t\t\t}());\n\t\t\t<\/script>\n\n\t\t\t<div id=\"pg-922-1\"  class=\"panel-grid panel-has-style\" ><div class=\"siteorigin-panels-stretch panel-row-style panel-row-style-for-922-1\" id=\"transporteglobal\" data-stretch-type=\"full\" ><div id=\"pgc-922-1-0\"  class=\"panel-grid-cell\" ><div id=\"panel-922-1-0-0\" class=\"widget_text so-panel widget widget_custom_html panel-first-child\" data-index=\"1\" ><div class=\"textwidget custom-html-widget\"><h3 style=\"color: #0176af;\">TU CARGA EN LAS RUTAS A\u00c9REAS <span style=\"color: #201e57;\">M\u00c1S EFICIENTE<\/span><\/h3><hr style=\"width:150px\"><\/div><\/div><div id=\"panel-922-1-0-1\" class=\"so-panel widget widget_text panel-last-child\" data-index=\"2\" ><div class=\"aos-fade-down panel-widget-style panel-widget-style-for-922-1-0-1\" >\t\t\t<div class=\"textwidget\"><p>Ofrecemos un servicio \u00e1gil y eficiente de<strong> transporte a\u00e9reo<\/strong>, conectando tus mercanc\u00edas con destinos globales en tiempo r\u00e9cord. Ideal para env\u00edos urgentes o de alto valor, nuestro equipo experto garantiza una gesti\u00f3n precisa y segura, asegurando que tu carga llegue a su destino justo a tiempo.<\/p>\n<p>Nos encargamos de toda la log\u00edstica, desde la reserva de espacio en aerol\u00edneas de primera l\u00ednea, la preparaci\u00f3n de la documentaci\u00f3n aduanera, hasta el seguimiento en tiempo real y la entrega final. Nuestra amplia red y experiencia en vuelos internacionales nos permiten ofrecerte soluciones personalizadas que optimizan tanto el tiempo de tr\u00e1nsito como la seguridad de tu env\u00edo.<\/p>\n<\/div>\n\t\t<\/div><\/div><\/div><\/div><\/div><div id=\"pg-922-2\"  class=\"panel-grid panel-has-style\" ><div class=\"aos-fade so-rounded panel-row-style panel-row-style-for-922-2\" id=\"ventajas1\" ><div id=\"pgc-922-2-0\"  class=\"panel-grid-cell\" ><div class=\"so-rounded panel-cell-style panel-cell-style-for-922-2-0\" ><div id=\"panel-922-2-0-0\" class=\"widget_text so-panel widget widget_custom_html panel-first-child\" data-index=\"3\" ><div class=\"widget_text panel-widget-style panel-widget-style-for-922-2-0-0\" ><div class=\"textwidget custom-html-widget\"><h3 style=\"color: #FFA500\">VENTAJAS<span style=\"color: white\"> DE NUESTRO SERVICIO DE<\/span> <span style=\"color: #FFA500;\">CARGA A\u00c9REA<\/span><\/h3><hr style=\"width:150px\"><\/div><\/div><\/div><div id=\"panel-922-2-0-1\" class=\"widget_text so-panel widget widget_custom_html panel-last-child\" data-index=\"4\" ><div class=\"widget_text panel-widget-style panel-widget-style-for-922-2-0-1\" ><div class=\"textwidget custom-html-widget\"><p>\n\t<strong><i class=\"fa fa-chevron-right\"><\/i> Velocidad y Urgencia: <\/strong> Ideal para entregas r\u00e1pidas y cargas perecederas o sensibles al tiempo.\n<\/p>\n<p>\n\t<strong><i class=\"fa fa-chevron-right\"><\/i> Seguridad Elevada: <\/strong> Menor manipulaci\u00f3n y estrictos controles de seguridad para tu tranquilidad.\n<\/p>\n<p>\n\t<strong><i class=\"fa fa-chevron-right\"><\/i> Cobertura Global: <\/strong> Acceso a los principales aeropuertos y hubs de carga alrededor del mundo.\n<\/p>\n<p>\n\t<strong><i class=\"fa fa-chevron-right\"><\/i> Gesti\u00f3n Documental Experta: <\/strong> Asesor\u00eda y manejo de toda la tramitolog\u00eda aduanera y de vuelo.\n<\/p>\n<p>\n\t<strong><i class=\"fa fa-chevron-right\"><\/i> Seguimiento Detallado: <\/strong> Monitoreo constante de tu env\u00edo desde la recolecci\u00f3n hasta la entrega.\n<\/p><\/div><\/div><\/div><\/div><\/div><div id=\"pgc-922-2-1\"  class=\"panel-grid-cell\" ><div class=\"panel-cell-style panel-cell-style-for-922-2-1\" ><div id=\"panel-922-2-1-0\" class=\"so-panel widget widget_media_image panel-first-child panel-last-child\" data-index=\"5\" ><div class=\"imgcontent panel-widget-style panel-widget-style-for-922-2-1-0\" ><img loading=\"lazy\" decoding=\"async\" width=\"680\" height=\"1024\" src=\"https:\/\/mifenixcargo.com\/web\/wp-content\/uploads\/2025\/07\/cargaaerea.jpg\" class=\"image wp-image-2666  attachment-full size-full\" alt=\"\" style=\"max-width: 100%; height: auto;\" srcset=\"https:\/\/mifenixcargo.com\/web\/wp-content\/uploads\/2025\/07\/cargaaerea.jpg 680w, https:\/\/mifenixcargo.com\/web\/wp-content\/uploads\/2025\/07\/cargaaerea-199x300.jpg 199w\" sizes=\"auto, (max-width: 680px) 100vw, 680px\" \/><\/div><\/div><\/div><\/div><\/div><\/div><div id=\"pg-922-3\"  class=\"panel-grid panel-has-style\" ><div class=\"siteorigin-panels-stretch panel-row-style panel-row-style-for-922-3\" data-stretch-type=\"full-width-stretch\" ><div id=\"pgc-922-3-0\"  class=\"panel-grid-cell\" ><div id=\"panel-922-3-0-0\" class=\"so-panel widget widget_themegrill_flash_heading tg-widget section-title-wrapper panel-first-child panel-last-child\" data-index=\"6\" ><div class=\"aos-fade-down panel-widget-style panel-widget-style-for-922-3-0-0\" >\t<h3 class=\"section-title\">NUESTRO PROCESO DE CARGA A\u00c9REA<\/h3>\n<\/div><\/div><\/div><\/div><\/div><div id=\"pg-922-4\"  class=\"panel-grid panel-has-style\" ><div class=\"siteorigin-panels-stretch panel-row-style panel-row-style-for-922-4\" id=\"pasos\" data-stretch-type=\"full\" ><div id=\"pgc-922-4-0\"  class=\"panel-grid-cell\" ><div id=\"panel-922-4-0-0\" class=\"so-panel widget widget_siteorigin-panels-builder panel-first-child panel-last-child\" data-index=\"7\" ><div class=\"cajas1a panel-widget-style panel-widget-style-for-922-4-0-0\" ><div id=\"pl-w68f783e997a6b\"  class=\"panel-layout\" ><div id=\"pg-w68f783e997a6b-0\"  class=\"panel-grid panel-no-style\" ><div id=\"pgc-w68f783e997a6b-0-0\"  class=\"panel-grid-cell\" ><div id=\"panel-w68f783e997a6b-0-0-0\" class=\"so-panel widget widget_themegrill_flash_image tg-widget tg-image-widget panel-first-child panel-last-child\" data-index=\"0\" ><div class=\"aos-fade-down panel-widget-style panel-widget-style-for-w68f783e997a6b-0-0-0\" >\t<img decoding=\"async\" src=\"https:\/\/mifenixcargo.com\/web\/wp-content\/uploads\/2025\/05\/caja.png\" \/>\n<\/div><\/div><\/div><div id=\"pgc-w68f783e997a6b-0-1\"  class=\"panel-grid-cell\" ><div id=\"panel-w68f783e997a6b-0-1-0\" class=\"so-panel widget widget_themegrill_flash_heading tg-widget section-title-wrapper panel-first-child panel-last-child\" data-index=\"1\" ><div class=\"aos-fade-down panel-widget-style panel-widget-style-for-w68f783e997a6b-0-1-0\" >\t<h3 class=\"section-title\">RECEPCI\u00d3N Y PREPARACI\u00d3N<\/h3>\n<\/div><\/div><\/div><\/div><div id=\"pg-w68f783e997a6b-1\"  class=\"panel-grid panel-no-style\" ><div id=\"pgc-w68f783e997a6b-1-0\"  class=\"panel-grid-cell\" ><div id=\"panel-w68f783e997a6b-1-0-0\" class=\"so-panel widget widget_text panel-first-child panel-last-child\" data-index=\"2\" ><div class=\"aos-fade-down panel-widget-style panel-widget-style-for-w68f783e997a6b-1-0-0\" >\t\t\t<div class=\"textwidget\"><p>Recibimos tus mercanc\u00edas y realizamos una <strong>inspecci\u00f3n detallada<\/strong>, verificando embalaje, peso y dimensiones. Nos aseguramos de que la carga cumpla con todas las normativas a\u00e9reas internacionales, optimizando su preparaci\u00f3n para el embarque m\u00e1s seguro y eficiente.<\/p>\n<\/div>\n\t\t<\/div><\/div><\/div><\/div><\/div><\/div><\/div><\/div><div id=\"pgc-922-4-1\"  class=\"panel-grid-cell\" ><div id=\"panel-922-4-1-0\" class=\"so-panel widget widget_siteorigin-panels-builder panel-first-child panel-last-child\" data-index=\"8\" ><div class=\"cajas1a panel-widget-style panel-widget-style-for-922-4-1-0\" ><div id=\"pl-w68f783e997e89\"  class=\"panel-layout\" ><div id=\"pg-w68f783e997e89-0\"  class=\"panel-grid panel-no-style\" ><div id=\"pgc-w68f783e997e89-0-0\"  class=\"panel-grid-cell\" ><div id=\"panel-w68f783e997e89-0-0-0\" class=\"so-panel widget widget_themegrill_flash_image tg-widget tg-image-widget panel-first-child panel-last-child\" data-index=\"0\" ><div class=\"aos-fade-down panel-widget-style panel-widget-style-for-w68f783e997e89-0-0-0\" >\t<img decoding=\"async\" src=\"https:\/\/mifenixcargo.com\/web\/wp-content\/uploads\/2025\/05\/docs.png\" \/>\n<\/div><\/div><\/div><div id=\"pgc-w68f783e997e89-0-1\"  class=\"panel-grid-cell\" ><div id=\"panel-w68f783e997e89-0-1-0\" class=\"so-panel widget widget_themegrill_flash_heading tg-widget section-title-wrapper panel-first-child panel-last-child\" data-index=\"1\" ><div class=\"aos-fade-down panel-widget-style panel-widget-style-for-w68f783e997e89-0-1-0\" >\t<h3 class=\"section-title\">GESTI\u00d3N DOCUMENTAL Y ADUANAS<\/h3>\n<\/div><\/div><\/div><\/div><div id=\"pg-w68f783e997e89-1\"  class=\"panel-grid panel-no-style\" ><div id=\"pgc-w68f783e997e89-1-0\"  class=\"panel-grid-cell\" ><div id=\"panel-w68f783e997e89-1-0-0\" class=\"so-panel widget widget_text panel-first-child panel-last-child\" data-index=\"2\" ><div class=\"aos-fade-down panel-widget-style panel-widget-style-for-w68f783e997e89-1-0-0\" >\t\t\t<div class=\"textwidget\"><p>Preparamos toda la<strong> documentaci\u00f3n necesaria<\/strong>, incluyendo gu\u00edas a\u00e9reas, permisos y declaraciones aduaneras. Nuestro equipo experto coordina con las autoridades para asegurar un despacho de aduanas \u00e1gil y sin contratiempos, evitando demoras innecesarias.<\/p>\n<\/div>\n\t\t<\/div><\/div><\/div><\/div><\/div><\/div><\/div><\/div><div id=\"pgc-922-4-2\"  class=\"panel-grid-cell\" ><div id=\"panel-922-4-2-0\" class=\"so-panel widget widget_siteorigin-panels-builder panel-first-child panel-last-child\" data-index=\"9\" ><div class=\"cajas1a panel-widget-style panel-widget-style-for-922-4-2-0\" ><div id=\"pl-w68f783abb5e3b\"  class=\"panel-layout\" ><div id=\"pg-w68f783abb5e3b-0\"  class=\"panel-grid panel-no-style\" ><div id=\"pgc-w68f783abb5e3b-0-0\"  class=\"panel-grid-cell\" ><div id=\"panel-w68f783abb5e3b-0-0-0\" class=\"so-panel widget widget_themegrill_flash_image tg-widget tg-image-widget panel-first-child panel-last-child\" data-index=\"0\" ><div class=\"aos-fade-down panel-widget-style panel-widget-style-for-w68f783abb5e3b-0-0-0\" >\t<img decoding=\"async\" src=\"https:\/\/mifenixcargo.com\/web\/wp-content\/uploads\/2025\/05\/send-plane-line-bg-1.png\" \/>\n<\/div><\/div><\/div><div id=\"pgc-w68f783abb5e3b-0-1\"  class=\"panel-grid-cell\" ><div id=\"panel-w68f783abb5e3b-0-1-0\" class=\"so-panel widget widget_themegrill_flash_heading tg-widget section-title-wrapper panel-first-child panel-last-child\" data-index=\"1\" ><div class=\"aos-fade-down panel-widget-style panel-widget-style-for-w68f783abb5e3b-0-1-0\" >\t<h3 class=\"section-title\">VUELO Y ENTREGA FINAL<\/h3>\n<\/div><\/div><\/div><\/div><div id=\"pg-w68f783abb5e3b-1\"  class=\"panel-grid panel-no-style\" ><div id=\"pgc-w68f783abb5e3b-1-0\"  class=\"panel-grid-cell\" ><div id=\"panel-w68f783abb5e3b-1-0-0\" class=\"so-panel widget widget_text panel-first-child panel-last-child\" data-index=\"2\" ><div class=\"aos-fade-down panel-widget-style panel-widget-style-for-w68f783abb5e3b-1-0-0\" >\t\t\t<div class=\"textwidget\"><p>Coordinamos el <strong>embarque de tu carga<\/strong> en la ruta a\u00e9rea m\u00e1s adecuada y realizamos un <strong>seguimiento continuo<\/strong> de su progreso. Una vez que la mercanc\u00eda llega a su destino, gestionamos la descarga y el transporte terrestre final hasta las manos de tu cliente.<\/p>\n<\/div>\n\t\t<\/div><\/div><\/div><\/div><\/div><\/div><\/div><\/div><\/div><\/div><div id=\"pg-922-5\"  class=\"panel-grid panel-has-style\" ><div class=\"siteorigin-panels-stretch panel-row-style panel-row-style-for-922-5\" id=\"transporteglobal\" data-stretch-type=\"full\" ><div id=\"pgc-922-5-0\"  class=\"panel-grid-cell\" ><div id=\"panel-922-5-0-0\" class=\"so-panel widget widget_siteorigin-panels-builder panel-first-child panel-last-child\" data-index=\"10\" ><div class=\"aos-fade-down panel-widget-style panel-widget-style-for-922-5-0-0\" ><div id=\"pl-w69021f77b4fe4\"  class=\"panel-layout\" ><div id=\"pg-w69021f77b4fe4-0\"  class=\"panel-grid panel-no-style\" ><div id=\"pgc-w69021f77b4fe4-0-0\"  class=\"panel-grid-cell\" ><div id=\"panel-w69021f77b4fe4-0-0-0\" class=\"so-panel widget widget_themegrill_flash_heading tg-widget section-title-wrapper panel-first-child panel-last-child\" data-index=\"0\" ><div class=\"flash_inherit_color panel-widget-style panel-widget-style-for-w69021f77b4fe4-0-0-0\" >\t<h3 class=\"section-title\">\u00bfNecesitas un Env\u00edo A\u00e9reo?<\/h3>\n<\/div><\/div><\/div><\/div><div id=\"pg-w69021f77b4fe4-1\"  class=\"panel-grid panel-has-style\" ><div class=\"panel-row-style panel-row-style-for-w69021f77b4fe4-1\" ><div id=\"pgc-w69021f77b4fe4-1-0\"  class=\"panel-grid-cell\" ><div id=\"panel-w69021f77b4fe4-1-0-0\" class=\"widget_text so-panel widget widget_custom_html panel-first-child panel-last-child\" data-index=\"1\" ><div class=\"widget_text flash_inherit_color panel-widget-style panel-widget-style-for-w69021f77b4fe4-1-0-0\" ><div class=\"textwidget custom-html-widget\"><p>\n\tD\u00e9janos ayudarte a encontrar la mejor soluci\u00f3n para tu carga. Solicita una cotizaci\u00f3n sin compromiso.\n<\/p>\n<\/div><\/div><\/div><\/div><\/div><\/div><div id=\"pg-w69021f77b4fe4-2\"  class=\"panel-grid panel-has-style\" ><div id=\"cotizacionCarga\" class=\"panel-row-style panel-row-style-for-w69021f77b4fe4-2\" ><div id=\"pgc-w69021f77b4fe4-2-0\"  class=\"panel-grid-cell\" ><div id=\"panel-w69021f77b4fe4-2-0-0\" class=\"widget_text so-panel widget widget_custom_html panel-first-child\" data-index=\"2\" ><div class=\"widget_text aos-fade-down panel-widget-style panel-widget-style-for-w69021f77b4fe4-2-0-0\" ><div class=\"textwidget custom-html-widget\"><a href=\"#\" data-target=\"A\">SOLICITA UNA COTIZACI\u00d3N<\/a><\/div><\/div><\/div><div id=\"panel-w69021f77b4fe4-2-0-1\" class=\"widget_text so-panel widget widget_custom_html panel-last-child\" data-index=\"3\" ><div class=\"widget_text aos-fade-down panel-widget-style panel-widget-style-for-w69021f77b4fe4-2-0-1\" ><div class=\"textwidget custom-html-widget\"><a href=\"envios_carga\">SOLICITA UNA COTIZACI\u00d3N<\/a><\/div><\/div><\/div><\/div><\/div><\/div><\/div><\/div><\/div><\/div><\/div><\/div><\/div>","protected":false},"excerpt":{"rendered":"<p>Ofrecemos un servicio \u00e1gil y eficiente de transporte a\u00e9reo, conectando tus mercanc\u00edas con destinos globales en tiempo r\u00e9cord. Ideal para [&hellip;]<\/p>\n","protected":false},"author":1,"featured_media":0,"parent":0,"menu_order":0,"comment_status":"closed","ping_status":"closed","template":"page-templates\/pagebuilder.php","meta":{"footnotes":""},"class_list":["post-922","page","type-page","status-publish","hentry"],"_links":{"self":[{"href":"https:\/\/mifenixcargo.com\/web\/wp-json\/wp\/v2\/pages\/922","targetHints":{"allow":["GET"]}}],"collection":[{"href":"https:\/\/mifenixcargo.com\/web\/wp-json\/wp\/v2\/pages"}],"about":[{"href":"https:\/\/mifenixcargo.com\/web\/wp-json\/wp\/v2\/types\/page"}],"author":[{"embeddable":true,"href":"https:\/\/mifenixcargo.com\/web\/wp-json\/wp\/v2\/users\/1"}],"replies":[{"embeddable":true,"href":"https:\/\/mifenixcargo.com\/web\/wp-json\/wp\/v2\/comments?post=922"}],"version-history":[{"count":28,"href":"https:\/\/mifenixcargo.com\/web\/wp-json\/wp\/v2\/pages\/922\/revisions"}],"predecessor-version":[{"id":3269,"href":"https:\/\/mifenixcargo.com\/web\/wp-json\/wp\/v2\/pages\/922\/revisions\/3269"}],"wp:attachment":[{"href":"https:\/\/mifenixcargo.com\/web\/wp-json\/wp\/v2\/media?parent=922"}],"curies":[{"name":"wp","href":"https:\/\/api.w.org\/{rel}","templated":true}]}}