{"id":853,"date":"2025-05-26T17:27:47","date_gmt":"2025-05-26T15:27:47","guid":{"rendered":"https:\/\/carlosacosta.com.co\/fenix\/?page_id=853"},"modified":"2025-10-29T15:44:25","modified_gmt":"2025-10-29T14:44:25","slug":"casillero-internacional","status":"publish","type":"page","link":"https:\/\/mifenixcargo.com\/web\/casillero-internacional\/","title":{"rendered":"Casillero Internacional"},"content":{"rendered":"<div id=\"pl-853\"  class=\"panel-layout\" ><div id=\"pg-853-0\"  class=\"panel-grid panel-has-style\" ><div class=\"aos-fade-down siteorigin-panels-stretch panel-row-style panel-row-style-for-853-0\" data-stretch-type=\"full-width-stretch\" ><div id=\"pgc-853-0-0\"  class=\"panel-grid-cell\" ><div id=\"panel-853-0-0-0\" class=\"so-panel widget widget_themegrill_flash_heading tg-widget section-title-wrapper panel-first-child panel-last-child\" data-index=\"0\" ><div class=\"fondoencabezadofinal flash_inherit_color panel-widget-style panel-widget-style-for-853-0-0-0\" >\t<h3 class=\"section-title\">CASILLERO INTERNACIONAL<\/h3>\n\t<div class=\"section-description\">Compra en EE.UU. como si viviera all\u00ed<\/div>\n<\/div><\/div><\/div><\/div><\/div>\n\t\t\t<video \n\t\t\t\tid=\"so_bgvideo_69fb73211d32f\" \n\t\t\t\tclass=\"so_video_bg jquery-background-video\" \n\t\t\t\tloop \n\t\t\t\tautoplay \n\t\t\t\tplaysinline\n\t\t\t\tmuted\n\t\t\t\tdata-bgvideo\n\t\t\t\tposter=\"https:\/\/mifenixcargo.com\/web\/wp-content\/uploads\/2025\/10\/casillero.jpg\"\t\t\t\tdata-bgvideo-fade-in=\"500\"\t\t\t\tdata-bgvideo-pause-after=\"120\"\t\t\t\tdata-bgvideo-show-pause-play=false\t\t\t\tdata-bgvideo-pause-play-x-pos=\"right\"\t\t\t\tdata-bgvideo-pause-play-y-pos=\"top\" \n\t\t\t\t>\n\t\t\t\t\t<source src=\"https:\/\/mifenixcargo.com\/web\/wp-content\/uploads\/2025\/06\/mixkit-woman-buying-online-5944-hd-ready.mp4\" type=\"video\/mp4\">\t\t\t\t\t\t\t\t\t\t\t\t\t<\/video>\n\n\t\t\t\n\t\t\t<script type=\"text\/javascript\">\n\t\t\t(function() {\n\t\t\t\t\/\/ Move the video and container into the row as the first child\n\t\t\t\tvar video_tag = document.getElementById(\"so_bgvideo_69fb73211d32f\");\n\t\t\t\tvar video_overlay = document.getElementById(\"so_bgvideo_overlay_69fb73211d32f\");\n\t\t\t\tvar video_row = video_tag.previousSibling;\n\t\t\t\twhile(video_row && video_row.nodeType != 1) {\n\t\t\t\t\tvideo_row = video_row.previousSibling;\n\t\t\t\t}\n\t\t\t\tvar row_inner = video_row.firstChild;\n\t\t\t\trow_inner.insertBefore( video_tag, row_inner.firstChild );\n\t\t\t\tif( video_overlay ) {\n\t\t\t\t\trow_inner.insertBefore( video_overlay, video_tag.nextSibling);\n\t\t\t\t}\n\t\t\t\trow_inner.className += ' so_video_bg_row jquery-background-video-wrapper';\n\t\t\t\tvideo_tag.play();\n\t\t\t}());\n\t\t\t<\/script>\n\n\t\t\t<div id=\"pg-853-1\"  class=\"panel-grid panel-has-style\" ><div class=\"siteorigin-panels-stretch panel-row-style panel-row-style-for-853-1\" id=\"transporteglobal\" data-stretch-type=\"full\" ><div id=\"pgc-853-1-0\"  class=\"panel-grid-cell\" ><div id=\"panel-853-1-0-0\" class=\"widget_text so-panel widget widget_custom_html panel-first-child\" data-index=\"1\" ><div class=\"textwidget custom-html-widget\"><h3 style=\"color: #0176af;\">TU CASILLERO INTERNACIONAL: <span style=\"color: #201e57;\">COMPRAS GLOBALES SIN L\u00cdMITES<\/span><\/h3><hr style=\"width:150px\"><\/div><\/div><div id=\"panel-853-1-0-1\" class=\"so-panel widget widget_text panel-last-child\" data-index=\"2\" ><div class=\"aos-fade-down panel-widget-style panel-widget-style-for-853-1-0-1\" >\t\t\t<div class=\"textwidget\"><p>Nuestro servicio de <strong>Casillero Internacional<\/strong> te abre las puertas a miles de tiendas y proveedores en Estados Unidos, permiti\u00e9ndote comprar online como si estuvieras all\u00ed. Te asignamos una direcci\u00f3n f\u00edsica en Miami, para que recibas tus paquetes, nosotros nos encargamos de consolidarlos, gestionar el ingreso aduanero en tu pa\u00eds y entregarlos en la puerta de tu casa u oficina, de forma segura y eficiente.<\/p>\n<p>Olv\u00eddate de las barreras de env\u00edo internacional y los altos costos individuales. Con nuestro casillero, podr\u00e1s acceder a ofertas exclusivas, variedad de productos y tarifas de env\u00edo m\u00e1s competitivas, optimizando cada compra y asegurando que tus productos favoritos lleguen sin complicaciones a tus manos.<\/p>\n<\/div>\n\t\t<\/div><\/div><\/div><\/div><\/div><div id=\"pg-853-2\"  class=\"panel-grid panel-has-style\" ><div class=\"aos-fade so-rounded panel-row-style panel-row-style-for-853-2\" id=\"ventajas1\" ><div id=\"pgc-853-2-0\"  class=\"panel-grid-cell\" ><div class=\"so-rounded panel-cell-style panel-cell-style-for-853-2-0\" ><div id=\"panel-853-2-0-0\" class=\"widget_text so-panel widget widget_custom_html panel-first-child\" data-index=\"3\" ><div class=\"widget_text panel-widget-style panel-widget-style-for-853-2-0-0\" ><div class=\"textwidget custom-html-widget\"><h3 style=\"color: #FFA500\">VENTAJAS<span style=\"color: white;\"> DE NUESTRO SERVICIO DE<\/span><br><span style=\"color: #FFA500;\">CASILLERO INTERNACIONAL<\/span><\/h3><hr style=\"width:150px\"><\/div><\/div><\/div><div id=\"panel-853-2-0-1\" class=\"widget_text so-panel widget widget_custom_html panel-last-child\" data-index=\"4\" ><div class=\"widget_text panel-widget-style panel-widget-style-for-853-2-0-1\" ><div class=\"textwidget custom-html-widget\"><p>\n\t<strong><i class=\"fa fa-chevron-right\"><\/i> Libertad de Compra:<\/strong> Accede a tiendas online en EE. UU., Europa y China que no env\u00edan directamente a tu pa\u00eds.\n<\/p>\n<p>\n\t<strong><i class=\"fa fa-chevron-right\"><\/i> Optimizaci\u00f3n de Costos:<\/strong> Consolidamos tus paquetes para reducir dr\u00e1sticamente los gastos de env\u00edo internacional.\n<\/p>\n<p>\n\t<strong><i class=\"fa fa-chevron-right\"><\/i> Direcci\u00f3n Propia:<\/strong> Obt\u00e9n una direcci\u00f3n f\u00edsica exclusiva para recibir tus compras en el extranjero.\n<\/p>\n<p>\n\t<strong><i class=\"fa fa-chevron-right\"><\/i> Seguimiento Transparente:<\/strong> Monitoreo detallado de tus paquetes desde que llegan al casillero hasta su entrega final.\n<\/p>\n<p>\n\t<strong><i class=\"fa fa-chevron-right\"><\/i> Gesti\u00f3n Aduanera Simplificada:<\/strong> Nos encargamos de todos los tr\u00e1mites de importaci\u00f3n para tu tranquilidad.\n<\/p><\/div><\/div><\/div><\/div><\/div><div id=\"pgc-853-2-1\"  class=\"panel-grid-cell\" ><div class=\"panel-cell-style panel-cell-style-for-853-2-1\" ><div id=\"panel-853-2-1-0\" class=\"so-panel widget widget_media_image panel-first-child panel-last-child\" data-index=\"5\" ><div class=\"imgcontent panel-widget-style panel-widget-style-for-853-2-1-0\" ><img loading=\"lazy\" decoding=\"async\" width=\"683\" height=\"1024\" src=\"https:\/\/mifenixcargo.com\/web\/wp-content\/uploads\/2025\/07\/hombre-trabajando-en-almacen-logistico-plano-medio-683x1024.jpg\" class=\"image wp-image-2664  attachment-large size-large\" alt=\"\" style=\"max-width: 100%; height: auto;\" srcset=\"https:\/\/mifenixcargo.com\/web\/wp-content\/uploads\/2025\/07\/hombre-trabajando-en-almacen-logistico-plano-medio-683x1024.jpg 683w, https:\/\/mifenixcargo.com\/web\/wp-content\/uploads\/2025\/07\/hombre-trabajando-en-almacen-logistico-plano-medio-200x300.jpg 200w, https:\/\/mifenixcargo.com\/web\/wp-content\/uploads\/2025\/07\/hombre-trabajando-en-almacen-logistico-plano-medio-768x1152.jpg 768w, https:\/\/mifenixcargo.com\/web\/wp-content\/uploads\/2025\/07\/hombre-trabajando-en-almacen-logistico-plano-medio-1024x1536.jpg 1024w, https:\/\/mifenixcargo.com\/web\/wp-content\/uploads\/2025\/07\/hombre-trabajando-en-almacen-logistico-plano-medio-1365x2048.jpg 1365w, https:\/\/mifenixcargo.com\/web\/wp-content\/uploads\/2025\/07\/hombre-trabajando-en-almacen-logistico-plano-medio-scaled.jpg 1706w\" sizes=\"auto, (max-width: 683px) 100vw, 683px\" \/><\/div><\/div><\/div><\/div><\/div><\/div><div id=\"pg-853-3\"  class=\"panel-grid panel-has-style\" ><div class=\"siteorigin-panels-stretch panel-row-style panel-row-style-for-853-3\" data-stretch-type=\"full-width-stretch\" ><div id=\"pgc-853-3-0\"  class=\"panel-grid-cell\" ><div id=\"panel-853-3-0-0\" class=\"so-panel widget widget_themegrill_flash_heading tg-widget section-title-wrapper panel-first-child panel-last-child\" data-index=\"6\" ><div class=\"aos-fade-down panel-widget-style panel-widget-style-for-853-3-0-0\" >\t<h3 class=\"section-title\">C\u00d3MO FUNCIONA NUESTRO CASILLERO<\/h3>\n<\/div><\/div><\/div><\/div><\/div><div id=\"pg-853-4\"  class=\"panel-grid panel-has-style\" ><div class=\"siteorigin-panels-stretch panel-row-style panel-row-style-for-853-4\" id=\"pasos\" data-stretch-type=\"full\" ><div id=\"pgc-853-4-0\"  class=\"panel-grid-cell\" ><div id=\"panel-853-4-0-0\" class=\"so-panel widget widget_siteorigin-panels-builder panel-first-child panel-last-child\" data-index=\"7\" ><div class=\"cajas1a panel-widget-style panel-widget-style-for-853-4-0-0\" ><div id=\"pl-w68f7825ddcd54\"  class=\"panel-layout\" ><div id=\"pg-w68f7825ddcd54-0\"  class=\"panel-grid panel-no-style\" ><div id=\"pgc-w68f7825ddcd54-0-0\"  class=\"panel-grid-cell\" ><div id=\"panel-w68f7825ddcd54-0-0-0\" class=\"so-panel widget widget_themegrill_flash_image tg-widget tg-image-widget panel-first-child panel-last-child\" data-index=\"0\" ><div class=\"aos-fade-down panel-widget-style panel-widget-style-for-w68f7825ddcd54-0-0-0\" >\t<img decoding=\"async\" src=\"https:\/\/mifenixcargo.com\/web\/wp-content\/uploads\/2025\/06\/devolver.png\" \/>\n<\/div><\/div><\/div><div id=\"pgc-w68f7825ddcd54-0-1\"  class=\"panel-grid-cell\" ><div id=\"panel-w68f7825ddcd54-0-1-0\" class=\"so-panel widget widget_themegrill_flash_heading tg-widget section-title-wrapper panel-first-child panel-last-child\" data-index=\"1\" ><div class=\"aos-fade-down panel-widget-style panel-widget-style-for-w68f7825ddcd54-0-1-0\" >\t<h3 class=\"section-title\">DIRECCI\u00d3N PERSONAL Y RECEPCI\u00d3N<\/h3>\n<\/div><\/div><\/div><\/div><div id=\"pg-w68f7825ddcd54-1\"  class=\"panel-grid panel-no-style\" ><div id=\"pgc-w68f7825ddcd54-1-0\"  class=\"panel-grid-cell\" ><div id=\"panel-w68f7825ddcd54-1-0-0\" class=\"so-panel widget widget_text panel-first-child panel-last-child\" data-index=\"2\" ><div class=\"aos-fade-down panel-widget-style panel-widget-style-for-w68f7825ddcd54-1-0-0\" >\t\t\t<div class=\"textwidget\"><p>Al registrarte, obtienes tu <strong>direcci\u00f3n de casillero personalizada<\/strong> en nuestras bodegas internacionales. Recibe tus compras all\u00ed, y nosotros las registramos en l\u00ednea, notific\u00e1ndote cada llegada y asegurando su correcto almacenamiento hasta que decidas consolidar o enviar.<\/p>\n<\/div>\n\t\t<\/div><\/div><\/div><\/div><\/div><\/div><\/div><\/div><div id=\"pgc-853-4-1\"  class=\"panel-grid-cell\" ><div id=\"panel-853-4-1-0\" class=\"so-panel widget widget_siteorigin-panels-builder panel-first-child panel-last-child\" data-index=\"8\" ><div class=\"cajas1a panel-widget-style panel-widget-style-for-853-4-1-0\" ><div id=\"pl-w68f7825ddd154\"  class=\"panel-layout\" ><div id=\"pg-w68f7825ddd154-0\"  class=\"panel-grid panel-no-style\" ><div id=\"pgc-w68f7825ddd154-0-0\"  class=\"panel-grid-cell\" ><div id=\"panel-w68f7825ddd154-0-0-0\" class=\"so-panel widget widget_themegrill_flash_image tg-widget tg-image-widget panel-first-child panel-last-child\" data-index=\"0\" ><div class=\"aos-fade-down panel-widget-style panel-widget-style-for-w68f7825ddd154-0-0-0\" >\t<img decoding=\"async\" src=\"https:\/\/mifenixcargo.com\/web\/wp-content\/uploads\/2025\/05\/cajas-1.png\" \/>\n<\/div><\/div><\/div><div id=\"pgc-w68f7825ddd154-0-1\"  class=\"panel-grid-cell\" ><div id=\"panel-w68f7825ddd154-0-1-0\" class=\"so-panel widget widget_themegrill_flash_heading tg-widget section-title-wrapper panel-first-child panel-last-child\" data-index=\"1\" ><div class=\"aos-fade-down panel-widget-style panel-widget-style-for-w68f7825ddd154-0-1-0\" >\t<h3 class=\"section-title\">CONSOLIDACI\u00d3N Y OPTIMIZACI\u00d3N<\/h3>\n<\/div><\/div><\/div><\/div><div id=\"pg-w68f7825ddd154-1\"  class=\"panel-grid panel-no-style\" ><div id=\"pgc-w68f7825ddd154-1-0\"  class=\"panel-grid-cell\" ><div id=\"panel-w68f7825ddd154-1-0-0\" class=\"so-panel widget widget_text panel-first-child panel-last-child\" data-index=\"2\" ><div class=\"aos-fade-down panel-widget-style panel-widget-style-for-w68f7825ddd154-1-0-0\" >\t\t\t<div class=\"textwidget\"><p>Cuando tengas varios paquetes, puedes solicitar la <strong>consolidaci\u00f3n.<\/strong> Agrupamos tus compras en un solo env\u00edo para maximizar el espacio y <strong>reducir significativamente los costos de transporte.<\/strong> T\u00fa decides cu\u00e1ndo y c\u00f3mo enviar, siempre con la opci\u00f3n m\u00e1s eficiente.<\/p>\n<\/div>\n\t\t<\/div><\/div><\/div><\/div><\/div><\/div><\/div><\/div><div id=\"pgc-853-4-2\"  class=\"panel-grid-cell\" ><div id=\"panel-853-4-2-0\" class=\"so-panel widget widget_siteorigin-panels-builder panel-first-child panel-last-child\" data-index=\"9\" ><div class=\"cajas1a panel-widget-style panel-widget-style-for-853-4-2-0\" ><div id=\"pl-w68f7825ddd3be\"  class=\"panel-layout\" ><div id=\"pg-w68f7825ddd3be-0\"  class=\"panel-grid panel-no-style\" ><div id=\"pgc-w68f7825ddd3be-0-0\"  class=\"panel-grid-cell\" ><div id=\"panel-w68f7825ddd3be-0-0-0\" class=\"so-panel widget widget_themegrill_flash_image tg-widget tg-image-widget panel-first-child panel-last-child\" data-index=\"0\" ><div class=\"aos-fade-down panel-widget-style panel-widget-style-for-w68f7825ddd3be-0-0-0\" >\t<img decoding=\"async\" src=\"https:\/\/mifenixcargo.com\/web\/wp-content\/uploads\/2025\/05\/recibir.png\" \/>\n<\/div><\/div><\/div><div id=\"pgc-w68f7825ddd3be-0-1\"  class=\"panel-grid-cell\" ><div id=\"panel-w68f7825ddd3be-0-1-0\" class=\"so-panel widget widget_themegrill_flash_heading tg-widget section-title-wrapper panel-first-child panel-last-child\" data-index=\"1\" ><div class=\"aos-fade-down panel-widget-style panel-widget-style-for-w68f7825ddd3be-0-1-0\" >\t<h3 class=\"section-title\">ENVIO Y ENTREGA FINAL<\/h3>\n<\/div><\/div><\/div><\/div><div id=\"pg-w68f7825ddd3be-1\"  class=\"panel-grid panel-no-style\" ><div id=\"pgc-w68f7825ddd3be-1-0\"  class=\"panel-grid-cell\" ><div id=\"panel-w68f7825ddd3be-1-0-0\" class=\"so-panel widget widget_text panel-first-child panel-last-child\" data-index=\"2\" ><div class=\"aos-fade-down panel-widget-style panel-widget-style-for-w68f7825ddd3be-1-0-0\" >\t\t\t<div class=\"textwidget\"><p>Despachamos tu carga consolidada o individual hacia tu destino, gestionando toda la <strong>documentaci\u00f3n aduanera<\/strong> necesaria. Realizamos un seguimiento constante y nos encargamos de todo el proceso de importaci\u00f3n para que recibas tus compras directamente en tu domicilio, sin complicaciones adicionales.<\/p>\n<\/div>\n\t\t<\/div><\/div><\/div><\/div><\/div><\/div><\/div><\/div><\/div><\/div><div id=\"pg-853-5\"  class=\"panel-grid panel-has-style\" ><div class=\"siteorigin-panels-stretch panel-row-style panel-row-style-for-853-5\" id=\"cotizacion\" data-stretch-type=\"full\" ><div id=\"pgc-853-5-0\"  class=\"panel-grid-cell\" ><div id=\"panel-853-5-0-0\" class=\"so-panel widget widget_siteorigin-panels-builder panel-first-child panel-last-child\" data-index=\"10\" ><div class=\"aos-fade-down panel-widget-style panel-widget-style-for-853-5-0-0\" ><div id=\"pl-w69021ce10dc0a\"  class=\"panel-layout\" ><div id=\"pg-w69021ce10dc0a-0\"  class=\"panel-grid panel-no-style\" ><div id=\"pgc-w69021ce10dc0a-0-0\"  class=\"panel-grid-cell\" ><div id=\"panel-w69021ce10dc0a-0-0-0\" class=\"so-panel widget widget_themegrill_flash_heading tg-widget section-title-wrapper panel-first-child panel-last-child\" data-index=\"0\" ><div class=\"flash_inherit_color panel-widget-style panel-widget-style-for-w69021ce10dc0a-0-0-0\" >\t<h3 class=\"section-title\">\u00bfNecesitas un Casillero?<\/h3>\n<\/div><\/div><\/div><\/div><div id=\"pg-w69021ce10dc0a-1\"  class=\"panel-grid panel-has-style\" ><div class=\"panel-row-style panel-row-style-for-w69021ce10dc0a-1\" ><div id=\"pgc-w69021ce10dc0a-1-0\"  class=\"panel-grid-cell\" ><div id=\"panel-w69021ce10dc0a-1-0-0\" class=\"widget_text so-panel widget widget_custom_html panel-first-child panel-last-child\" data-index=\"1\" ><div class=\"widget_text flash_inherit_color panel-widget-style panel-widget-style-for-w69021ce10dc0a-1-0-0\" ><div class=\"textwidget custom-html-widget\"><p>\n\tIngresa y crea tu casillero internacional para ti o para tu empresa\n<\/p>\n<\/div><\/div><\/div><\/div><\/div><\/div><div id=\"pg-w69021ce10dc0a-2\"  class=\"panel-grid panel-has-style\" ><div id=\"cotizacionCarga\" class=\"panel-row-style panel-row-style-for-w69021ce10dc0a-2\" ><div id=\"pgc-w69021ce10dc0a-2-0\"  class=\"panel-grid-cell\" ><div id=\"panel-w69021ce10dc0a-2-0-0\" class=\"widget_text so-panel widget widget_custom_html panel-first-child\" data-index=\"2\" ><div class=\"widget_text panel-widget-style panel-widget-style-for-w69021ce10dc0a-2-0-0\" ><div class=\"textwidget custom-html-widget\"><a href=\"#\" data-target=\"D\">SOLICITA TU CASILLERO AQU\u00cd<\/a><\/div><\/div><\/div><div id=\"panel-w69021ce10dc0a-2-0-1\" class=\"widget_text so-panel widget widget_custom_html panel-last-child\" data-index=\"3\" ><div class=\"widget_text panel-widget-style panel-widget-style-for-w69021ce10dc0a-2-0-1\" ><div class=\"textwidget custom-html-widget\"><a href=\"casillero\">SOLICITA TU CASILLERO AQU\u00cd<\/a><\/div><\/div><\/div><\/div><\/div><\/div><\/div><\/div><\/div><\/div><\/div><\/div><\/div>","protected":false},"excerpt":{"rendered":"<p>Nuestro servicio de Casillero Internacional te abre las puertas a miles de tiendas y proveedores en Estados Unidos, permiti\u00e9ndote comprar [&hellip;]<\/p>\n","protected":false},"author":1,"featured_media":0,"parent":0,"menu_order":0,"comment_status":"closed","ping_status":"closed","template":"page-templates\/pagebuilder.php","meta":{"footnotes":""},"class_list":["post-853","page","type-page","status-publish","hentry"],"_links":{"self":[{"href":"https:\/\/mifenixcargo.com\/web\/wp-json\/wp\/v2\/pages\/853","targetHints":{"allow":["GET"]}}],"collection":[{"href":"https:\/\/mifenixcargo.com\/web\/wp-json\/wp\/v2\/pages"}],"about":[{"href":"https:\/\/mifenixcargo.com\/web\/wp-json\/wp\/v2\/types\/page"}],"author":[{"embeddable":true,"href":"https:\/\/mifenixcargo.com\/web\/wp-json\/wp\/v2\/users\/1"}],"replies":[{"embeddable":true,"href":"https:\/\/mifenixcargo.com\/web\/wp-json\/wp\/v2\/comments?post=853"}],"version-history":[{"count":70,"href":"https:\/\/mifenixcargo.com\/web\/wp-json\/wp\/v2\/pages\/853\/revisions"}],"predecessor-version":[{"id":3267,"href":"https:\/\/mifenixcargo.com\/web\/wp-json\/wp\/v2\/pages\/853\/revisions\/3267"}],"wp:attachment":[{"href":"https:\/\/mifenixcargo.com\/web\/wp-json\/wp\/v2\/media?parent=853"}],"curies":[{"name":"wp","href":"https:\/\/api.w.org\/{rel}","templated":true}]}}