{"id":828,"date":"2025-05-26T13:53:48","date_gmt":"2025-05-26T11:53:48","guid":{"rendered":"https:\/\/carlosacosta.com.co\/fenix\/?page_id=828"},"modified":"2025-10-29T16:21:30","modified_gmt":"2025-10-29T15:21:30","slug":"carga-terrestre","status":"publish","type":"page","link":"https:\/\/mifenixcargo.com\/web\/carga-terrestre\/","title":{"rendered":"Carga Terrestre"},"content":{"rendered":"<div id=\"pl-828\"  class=\"panel-layout\" ><div id=\"pg-828-0\"  class=\"panel-grid panel-has-style\" ><div class=\"aos-fade-down siteorigin-panels-stretch panel-row-style panel-row-style-for-828-0\" data-stretch-type=\"full-width-stretch\" ><div id=\"pgc-828-0-0\"  class=\"panel-grid-cell\" ><div id=\"panel-828-0-0-0\" class=\"so-panel widget widget_themegrill_flash_heading tg-widget section-title-wrapper panel-first-child panel-last-child\" data-index=\"0\" ><div class=\"fondoencabezadofinal flash_inherit_color panel-widget-style panel-widget-style-for-828-0-0-0\" >\t<h3 class=\"section-title\">CARGA TERRESTRE<\/h3>\n\t<div class=\"section-description\">Soluciones puerta a puerta dentro y fuera de EE.UU.<\/div>\n<\/div><\/div><\/div><\/div><\/div>\n\t\t\t<video \n\t\t\t\tid=\"so_bgvideo_69fb73211d8fb\" \n\t\t\t\tclass=\"so_video_bg jquery-background-video\" \n\t\t\t\tloop \n\t\t\t\tautoplay \n\t\t\t\tplaysinline\n\t\t\t\tmuted\n\t\t\t\tdata-bgvideo\n\t\t\t\tposter=\"https:\/\/mifenixcargo.com\/web\/wp-content\/uploads\/2025\/10\/camiones-en-la-carretera-en-la-montana-al-atardecer.jpg\"\t\t\t\tdata-bgvideo-fade-in=\"500\"\t\t\t\tdata-bgvideo-pause-after=\"120\"\t\t\t\tdata-bgvideo-show-pause-play=false\t\t\t\tdata-bgvideo-pause-play-x-pos=\"right\"\t\t\t\tdata-bgvideo-pause-play-y-pos=\"top\" \n\t\t\t\t>\n\t\t\t\t\t<source src=\"https:\/\/mifenixcargo.com\/web\/wp-content\/uploads\/2025\/06\/mixkit-cargo-truck-driving-on-the-highway-28787-hd-ready.mp4\" type=\"video\/mp4\">\t\t\t\t\t\t\t\t\t\t\t\t\t<\/video>\n\n\t\t\t\n\t\t\t<script type=\"text\/javascript\">\n\t\t\t(function() {\n\t\t\t\t\/\/ Move the video and container into the row as the first child\n\t\t\t\tvar video_tag = document.getElementById(\"so_bgvideo_69fb73211d8fb\");\n\t\t\t\tvar video_overlay = document.getElementById(\"so_bgvideo_overlay_69fb73211d8fb\");\n\t\t\t\tvar video_row = video_tag.previousSibling;\n\t\t\t\twhile(video_row && video_row.nodeType != 1) {\n\t\t\t\t\tvideo_row = video_row.previousSibling;\n\t\t\t\t}\n\t\t\t\tvar row_inner = video_row.firstChild;\n\t\t\t\trow_inner.insertBefore( video_tag, row_inner.firstChild );\n\t\t\t\tif( video_overlay ) {\n\t\t\t\t\trow_inner.insertBefore( video_overlay, video_tag.nextSibling);\n\t\t\t\t}\n\t\t\t\trow_inner.className += ' so_video_bg_row jquery-background-video-wrapper';\n\t\t\t\tvideo_tag.play();\n\t\t\t}());\n\t\t\t<\/script>\n\n\t\t\t<div id=\"pg-828-1\"  class=\"panel-grid panel-has-style\" ><div class=\"siteorigin-panels-stretch panel-row-style panel-row-style-for-828-1\" id=\"transporteglobal\" data-stretch-type=\"full\" ><div id=\"pgc-828-1-0\"  class=\"panel-grid-cell\" ><div id=\"panel-828-1-0-0\" class=\"widget_text so-panel widget widget_custom_html panel-first-child\" data-index=\"1\" ><div class=\"textwidget custom-html-widget\"><h3 style=\"color: #0176af;\">TU CARGA EN LAS RUTAS TERRESTRES <span style=\"color: #201e57;\">LOCALES E INTERNACIONALES<\/span><\/h3><hr style=\"width:150px\"><\/div><\/div><div id=\"panel-828-1-0-1\" class=\"so-panel widget widget_text panel-last-child\" data-index=\"2\" ><div class=\"aos-fade-down panel-widget-style panel-widget-style-for-828-1-0-1\" >\t\t\t<div class=\"textwidget\"><p>Ofrecemos un servicio robusto y flexible de <strong>transporte terrestre<\/strong>, conectando tus mercanc\u00edas con cada rinc\u00f3n del pa\u00eds y m\u00e1s all\u00e1. Ya sea que necesites env\u00edos de carga completa (FTL), carga parcial (LTL) o soluciones especializadas, nuestro equipo garantiza una gesti\u00f3n eficiente y segura, adapt\u00e1ndose a tus necesidades de entrega.<\/p>\n<p>Nos encargamos de toda la planificaci\u00f3n log\u00edstica, desde la optimizaci\u00f3n de rutas, la selecci\u00f3n del tipo de veh\u00edculo adecuado, hasta el manejo de la documentaci\u00f3n y el seguimiento constante de tu env\u00edo. Nuestra amplia experiencia y conocimiento de la red vial nos permiten ofrecerte soluciones confiables y econ\u00f3micas para cada tipo de mercanc\u00eda.<\/p>\n<\/div>\n\t\t<\/div><\/div><\/div><\/div><\/div><div id=\"pg-828-2\"  class=\"panel-grid panel-has-style\" ><div class=\"aos-fade so-rounded panel-row-style panel-row-style-for-828-2\" id=\"ventajas1\" ><div id=\"pgc-828-2-0\"  class=\"panel-grid-cell\" ><div class=\"so-rounded panel-cell-style panel-cell-style-for-828-2-0\" ><div id=\"panel-828-2-0-0\" class=\"widget_text so-panel widget widget_custom_html panel-first-child\" data-index=\"3\" ><div class=\"widget_text panel-widget-style panel-widget-style-for-828-2-0-0\" ><div class=\"textwidget custom-html-widget\"><h3 style=\"color: #FFA500\">VENTAJAS<span style=\"color: white\"> DE NUESTRO SERVICIO DE <\/span><br><span style=\"color: #FFA500;\">CARGA TERRESTRE<\/span><\/h3><hr style=\"width:150px\"><\/div><\/div><\/div><div id=\"panel-828-2-0-1\" class=\"widget_text so-panel widget widget_custom_html panel-last-child\" data-index=\"4\" ><div class=\"widget_text panel-widget-style panel-widget-style-for-828-2-0-1\" ><div class=\"textwidget custom-html-widget\"><p>\n\t<strong><i class=\"fa fa-chevron-right\"><\/i> Flexibilidad y Adaptabilidad:<\/strong> Soluciones a medida para diferentes vol\u00famenes y tipos de carga.\n<\/p>\n<p>\n\t<strong><i class=\"fa fa-chevron-right\"><\/i> Alcance Nacional y Regional:<\/strong> Conexi\u00f3n eficiente con ciudades principales, zonas rurales y pa\u00edses vecinos.\n<\/p>\n<p>\n\t<strong><i class=\"fa fa-chevron-right\"><\/i> Econom\u00eda:<\/strong> Optimizaci\u00f3n de costos para env\u00edos de cualquier tama\u00f1o.\n<\/p>\n<p>\n\t<strong><i class=\"fa fa-chevron-right\"><\/i> Puerta a Puerta:<\/strong> Recolecci\u00f3n y entrega directa para tu comodidad.\n<\/p>\n<p>\n\t<strong><i class=\"fa fa-chevron-right\"><\/i> Seguimiento Constante:<\/strong> Monitoreo y comunicaci\u00f3n sobre el estado de tu carga en todo momento.\n<\/p><\/div><\/div><\/div><\/div><\/div><div id=\"pgc-828-2-1\"  class=\"panel-grid-cell\" ><div class=\"panel-cell-style panel-cell-style-for-828-2-1\" ><div id=\"panel-828-2-1-0\" class=\"so-panel widget widget_media_image panel-first-child panel-last-child\" data-index=\"5\" ><div class=\"imgcontent panel-widget-style panel-widget-style-for-828-2-1-0\" ><img loading=\"lazy\" decoding=\"async\" width=\"701\" height=\"1024\" src=\"https:\/\/mifenixcargo.com\/web\/wp-content\/uploads\/2025\/05\/vehiculo-en-movimiento-701x1024.jpg\" class=\"image wp-image-836  attachment-large size-large\" alt=\"\" style=\"max-width: 100%; height: auto;\" srcset=\"https:\/\/mifenixcargo.com\/web\/wp-content\/uploads\/2025\/05\/vehiculo-en-movimiento-701x1024.jpg 701w, https:\/\/mifenixcargo.com\/web\/wp-content\/uploads\/2025\/05\/vehiculo-en-movimiento-205x300.jpg 205w, https:\/\/mifenixcargo.com\/web\/wp-content\/uploads\/2025\/05\/vehiculo-en-movimiento-768x1123.jpg 768w, https:\/\/mifenixcargo.com\/web\/wp-content\/uploads\/2025\/05\/vehiculo-en-movimiento-1051x1536.jpg 1051w, https:\/\/mifenixcargo.com\/web\/wp-content\/uploads\/2025\/05\/vehiculo-en-movimiento-1401x2048.jpg 1401w, https:\/\/mifenixcargo.com\/web\/wp-content\/uploads\/2025\/05\/vehiculo-en-movimiento-scaled.jpg 1751w\" sizes=\"auto, (max-width: 701px) 100vw, 701px\" \/><\/div><\/div><\/div><\/div><\/div><\/div><div id=\"pg-828-3\"  class=\"panel-grid panel-has-style\" ><div class=\"siteorigin-panels-stretch panel-row-style panel-row-style-for-828-3\" data-stretch-type=\"full-width-stretch\" ><div id=\"pgc-828-3-0\"  class=\"panel-grid-cell\" ><div id=\"panel-828-3-0-0\" class=\"so-panel widget widget_themegrill_flash_heading tg-widget section-title-wrapper panel-first-child panel-last-child\" data-index=\"6\" ><div class=\"aos-fade-down panel-widget-style panel-widget-style-for-828-3-0-0\" >\t<h3 class=\"section-title\">NUESTRO PROCESO DE CARGA TERRESTRE<\/h3>\n<\/div><\/div><\/div><\/div><\/div><div id=\"pg-828-4\"  class=\"panel-grid panel-has-style\" ><div class=\"siteorigin-panels-stretch panel-row-style panel-row-style-for-828-4\" id=\"pasosmaritima\" data-stretch-type=\"full\" ><div id=\"pgc-828-4-0\"  class=\"panel-grid-cell\" ><div id=\"panel-828-4-0-0\" class=\"so-panel widget widget_siteorigin-panels-builder panel-first-child panel-last-child\" data-index=\"7\" ><div class=\"cajas1a panel-widget-style panel-widget-style-for-828-4-0-0\" ><div id=\"pl-w68f7857843fb0\"  class=\"panel-layout\" ><div id=\"pg-w68f7857843fb0-0\"  class=\"panel-grid panel-no-style\" ><div id=\"pgc-w68f7857843fb0-0-0\"  class=\"panel-grid-cell\" ><div id=\"panel-w68f7857843fb0-0-0-0\" class=\"so-panel widget widget_themegrill_flash_image tg-widget tg-image-widget panel-first-child panel-last-child\" data-index=\"0\" ><div class=\"aos-fade-down panel-widget-style panel-widget-style-for-w68f7857843fb0-0-0-0\" >\t<img decoding=\"async\" src=\"https:\/\/mifenixcargo.com\/web\/wp-content\/uploads\/2025\/05\/caja.png\" \/>\n<\/div><\/div><\/div><div id=\"pgc-w68f7857843fb0-0-1\"  class=\"panel-grid-cell\" ><div id=\"panel-w68f7857843fb0-0-1-0\" class=\"so-panel widget widget_themegrill_flash_heading tg-widget section-title-wrapper panel-first-child panel-last-child\" data-index=\"1\" ><div class=\"aos-fade-down panel-widget-style panel-widget-style-for-w68f7857843fb0-0-1-0\" >\t<h3 class=\"section-title\">RECOLECCI\u00d3N Y PLANIFICACI\u00d3N<\/h3>\n<\/div><\/div><\/div><\/div><div id=\"pg-w68f7857843fb0-1\"  class=\"panel-grid panel-no-style\" ><div id=\"pgc-w68f7857843fb0-1-0\"  class=\"panel-grid-cell\" ><div id=\"panel-w68f7857843fb0-1-0-0\" class=\"so-panel widget widget_text panel-first-child panel-last-child\" data-index=\"2\" ><div class=\"aos-fade-down panel-widget-style panel-widget-style-for-w68f7857843fb0-1-0-0\" >\t\t\t<div class=\"textwidget\"><p>Gestionamos la <strong>recolecci\u00f3n de tu carga<\/strong> en el punto de origen, realizando una verificaci\u00f3n exhaustiva. Luego, nuestro equipo de log\u00edstica planifica la <strong>ruta m\u00e1s eficiente y segura<\/strong>, considerando el tipo de mercanc\u00eda, los tiempos de entrega y las condiciones viales para optimizar el transporte.<\/p>\n<\/div>\n\t\t<\/div><\/div><\/div><\/div><\/div><\/div><\/div><\/div><div id=\"pgc-828-4-1\"  class=\"panel-grid-cell\" ><div id=\"panel-828-4-1-0\" class=\"so-panel widget widget_siteorigin-panels-builder panel-first-child panel-last-child\" data-index=\"8\" ><div class=\"cajas1a panel-widget-style panel-widget-style-for-828-4-1-0\" ><div id=\"pl-w68f78578445a8\"  class=\"panel-layout\" ><div id=\"pg-w68f78578445a8-0\"  class=\"panel-grid panel-no-style\" ><div id=\"pgc-w68f78578445a8-0-0\"  class=\"panel-grid-cell\" ><div id=\"panel-w68f78578445a8-0-0-0\" class=\"so-panel widget widget_themegrill_flash_image tg-widget tg-image-widget panel-first-child panel-last-child\" data-index=\"0\" ><div class=\"aos-fade-down panel-widget-style panel-widget-style-for-w68f78578445a8-0-0-0\" >\t<img decoding=\"async\" src=\"https:\/\/mifenixcargo.com\/web\/wp-content\/uploads\/2025\/05\/docs.png\" \/>\n<\/div><\/div><\/div><div id=\"pgc-w68f78578445a8-0-1\"  class=\"panel-grid-cell\" ><div id=\"panel-w68f78578445a8-0-1-0\" class=\"so-panel widget widget_themegrill_flash_heading tg-widget section-title-wrapper panel-first-child panel-last-child\" data-index=\"1\" ><div class=\"aos-fade-down panel-widget-style panel-widget-style-for-w68f78578445a8-0-1-0\" >\t<h3 class=\"section-title\">CARGA Y GESTI\u00d3N EN TR\u00c1NSITO<\/h3>\n<\/div><\/div><\/div><\/div><div id=\"pg-w68f78578445a8-1\"  class=\"panel-grid panel-no-style\" ><div id=\"pgc-w68f78578445a8-1-0\"  class=\"panel-grid-cell\" ><div id=\"panel-w68f78578445a8-1-0-0\" class=\"so-panel widget widget_text panel-first-child panel-last-child\" data-index=\"2\" ><div class=\"aos-fade-down panel-widget-style panel-widget-style-for-w68f78578445a8-1-0-0\" >\t\t\t<div class=\"textwidget\"><p>Supervisamos cuidadosamente el<strong> proceso de carga<\/strong> para garantizar la seguridad de tus mercanc\u00edas. Durante el <strong>tr\u00e1nsito<\/strong>, mantenemos un seguimiento continuo del veh\u00edculo, monitoreando su ubicaci\u00f3n y condiciones, y gestionando cualquier eventualidad para asegurar la continuidad del viaje.<\/p>\n<\/div>\n\t\t<\/div><\/div><\/div><\/div><\/div><\/div><\/div><\/div><div id=\"pgc-828-4-2\"  class=\"panel-grid-cell\" ><div id=\"panel-828-4-2-0\" class=\"so-panel widget widget_siteorigin-panels-builder panel-first-child panel-last-child\" data-index=\"9\" ><div class=\"cajas1a panel-widget-style panel-widget-style-for-828-4-2-0\" ><div id=\"pl-w68f7857844932\"  class=\"panel-layout\" ><div id=\"pg-w68f7857844932-0\"  class=\"panel-grid panel-no-style\" ><div id=\"pgc-w68f7857844932-0-0\"  class=\"panel-grid-cell\" ><div id=\"panel-w68f7857844932-0-0-0\" class=\"so-panel widget widget_themegrill_flash_image tg-widget tg-image-widget panel-first-child panel-last-child\" data-index=\"0\" ><div class=\"aos-fade-down panel-widget-style panel-widget-style-for-w68f7857844932-0-0-0\" >\t<img decoding=\"async\" src=\"https:\/\/mifenixcargo.com\/web\/wp-content\/uploads\/2025\/05\/truck-bg.png\" \/>\n<\/div><\/div><\/div><div id=\"pgc-w68f7857844932-0-1\"  class=\"panel-grid-cell\" ><div id=\"panel-w68f7857844932-0-1-0\" class=\"so-panel widget widget_themegrill_flash_heading tg-widget section-title-wrapper panel-first-child panel-last-child\" data-index=\"1\" ><div class=\"aos-fade-down panel-widget-style panel-widget-style-for-w68f7857844932-0-1-0\" >\t<h3 class=\"section-title\">ENTREGA Y CONFIRMACI\u00d3N<\/h3>\n<\/div><\/div><\/div><\/div><div id=\"pg-w68f7857844932-1\"  class=\"panel-grid panel-no-style\" ><div id=\"pgc-w68f7857844932-1-0\"  class=\"panel-grid-cell\" ><div id=\"panel-w68f7857844932-1-0-0\" class=\"so-panel widget widget_text panel-first-child panel-last-child\" data-index=\"2\" ><div class=\"aos-fade-down panel-widget-style panel-widget-style-for-w68f7857844932-1-0-0\" >\t\t\t<div class=\"textwidget\"><p>Coordinamos la <strong>entrega final<\/strong> de tu carga en el destino, asegurando que se realice de forma puntual y en perfectas condiciones. Obtenemos la confirmaci\u00f3n de recepci\u00f3n y te proporcionamos un reporte detallado del servicio, cerrando el ciclo log\u00edstico con transparencia y eficiencia.<\/p>\n<\/div>\n\t\t<\/div><\/div><\/div><\/div><\/div><\/div><\/div><\/div><\/div><\/div><div id=\"pg-828-5\"  class=\"panel-grid panel-has-style\" ><div class=\"siteorigin-panels-stretch panel-row-style panel-row-style-for-828-5\" id=\"transporteglobal\" data-stretch-type=\"full\" ><div id=\"pgc-828-5-0\"  class=\"panel-grid-cell\" ><div id=\"panel-828-5-0-0\" class=\"so-panel widget widget_siteorigin-panels-builder panel-first-child panel-last-child\" data-index=\"10\" ><div class=\"aos-fade-down panel-widget-style panel-widget-style-for-828-5-0-0\" ><div id=\"pl-w69021fad11efc\"  class=\"panel-layout\" ><div id=\"pg-w69021fad11efc-0\"  class=\"panel-grid panel-no-style\" ><div id=\"pgc-w69021fad11efc-0-0\"  class=\"panel-grid-cell\" ><div id=\"panel-w69021fad11efc-0-0-0\" class=\"so-panel widget widget_themegrill_flash_heading tg-widget section-title-wrapper panel-first-child panel-last-child\" data-index=\"0\" ><div class=\"flash_inherit_color panel-widget-style panel-widget-style-for-w69021fad11efc-0-0-0\" >\t<h3 class=\"section-title\">\u00bfNecesitas Servicio de Transporte de Carga?<\/h3>\n<\/div><\/div><\/div><\/div><div id=\"pg-w69021fad11efc-1\"  class=\"panel-grid panel-has-style\" ><div class=\"panel-row-style panel-row-style-for-w69021fad11efc-1\" ><div id=\"pgc-w69021fad11efc-1-0\"  class=\"panel-grid-cell\" ><div id=\"panel-w69021fad11efc-1-0-0\" class=\"widget_text so-panel widget widget_custom_html panel-first-child panel-last-child\" data-index=\"1\" ><div class=\"widget_text flash_inherit_color panel-widget-style panel-widget-style-for-w69021fad11efc-1-0-0\" ><div class=\"textwidget custom-html-widget\"><p>\n\tD\u00e9janos ayudarte a encontrar la mejor soluci\u00f3n para tu carga. Solicita una cotizaci\u00f3n sin compromiso.\n<\/p>\n<\/div><\/div><\/div><\/div><\/div><\/div><div id=\"pg-w69021fad11efc-2\"  class=\"panel-grid panel-has-style\" ><div id=\"cotizacionCarga\" class=\"panel-row-style panel-row-style-for-w69021fad11efc-2\" ><div id=\"pgc-w69021fad11efc-2-0\"  class=\"panel-grid-cell\" ><div id=\"panel-w69021fad11efc-2-0-0\" class=\"widget_text so-panel widget widget_custom_html panel-first-child\" data-index=\"2\" ><div class=\"widget_text aos-fade-down panel-widget-style panel-widget-style-for-w69021fad11efc-2-0-0\" ><div class=\"textwidget custom-html-widget\"><a href=\"#\" data-target=\"A\">SOLICITA UNA COTIZACI\u00d3N<\/a><\/div><\/div><\/div><div id=\"panel-w69021fad11efc-2-0-1\" class=\"widget_text so-panel widget widget_custom_html panel-last-child\" data-index=\"3\" ><div class=\"widget_text aos-fade-down panel-widget-style panel-widget-style-for-w69021fad11efc-2-0-1\" ><div class=\"textwidget custom-html-widget\"><a href=\"envios_carga\">SOLICITA UNA COTIZACI\u00d3N<\/a><\/div><\/div><\/div><\/div><\/div><\/div><\/div><\/div><\/div><\/div><\/div><\/div><\/div>","protected":false},"excerpt":{"rendered":"<p>Ofrecemos un servicio robusto y flexible de transporte terrestre, conectando tus mercanc\u00edas con cada rinc\u00f3n del pa\u00eds y m\u00e1s all\u00e1. [&hellip;]<\/p>\n","protected":false},"author":1,"featured_media":0,"parent":0,"menu_order":0,"comment_status":"closed","ping_status":"closed","template":"page-templates\/pagebuilder.php","meta":{"footnotes":""},"class_list":["post-828","page","type-page","status-publish","hentry"],"_links":{"self":[{"href":"https:\/\/mifenixcargo.com\/web\/wp-json\/wp\/v2\/pages\/828","targetHints":{"allow":["GET"]}}],"collection":[{"href":"https:\/\/mifenixcargo.com\/web\/wp-json\/wp\/v2\/pages"}],"about":[{"href":"https:\/\/mifenixcargo.com\/web\/wp-json\/wp\/v2\/types\/page"}],"author":[{"embeddable":true,"href":"https:\/\/mifenixcargo.com\/web\/wp-json\/wp\/v2\/users\/1"}],"replies":[{"embeddable":true,"href":"https:\/\/mifenixcargo.com\/web\/wp-json\/wp\/v2\/comments?post=828"}],"version-history":[{"count":29,"href":"https:\/\/mifenixcargo.com\/web\/wp-json\/wp\/v2\/pages\/828\/revisions"}],"predecessor-version":[{"id":3285,"href":"https:\/\/mifenixcargo.com\/web\/wp-json\/wp\/v2\/pages\/828\/revisions\/3285"}],"wp:attachment":[{"href":"https:\/\/mifenixcargo.com\/web\/wp-json\/wp\/v2\/media?parent=828"}],"curies":[{"name":"wp","href":"https:\/\/api.w.org\/{rel}","templated":true}]}}