{"id":650,"date":"2025-05-19T19:10:22","date_gmt":"2025-05-19T17:10:22","guid":{"rendered":"https:\/\/carlosacosta.com.co\/fenix\/?page_id=650"},"modified":"2025-10-29T16:01:52","modified_gmt":"2025-10-29T15:01:52","slug":"carga-maritima","status":"publish","type":"page","link":"https:\/\/mifenixcargo.com\/web\/carga-maritima\/","title":{"rendered":"Carga Mar\u00edtima"},"content":{"rendered":"<div id=\"pl-650\"  class=\"panel-layout\" ><div id=\"pg-650-0\"  class=\"panel-grid panel-has-style\" ><div class=\"aos-fade-down siteorigin-panels-stretch panel-row-style panel-row-style-for-650-0\" data-stretch-type=\"full-width-stretch\" ><div id=\"pgc-650-0-0\"  class=\"panel-grid-cell\" ><div id=\"panel-650-0-0-0\" class=\"so-panel widget widget_themegrill_flash_heading tg-widget section-title-wrapper panel-first-child panel-last-child\" data-index=\"0\" ><div class=\"fondoencabezadofinal flash_inherit_color panel-widget-style panel-widget-style-for-650-0-0-0\" >\t<h3 class=\"section-title\">CARGA MAR\u00cdTIMA<\/h3>\n\t<div class=\"section-description\">Conectamos tus cargas con el mundo<\/div>\n<\/div><\/div><\/div><\/div><\/div>\n\t\t\t<video \n\t\t\t\tid=\"so_bgvideo_69e4b26bb1911\" \n\t\t\t\tclass=\"so_video_bg jquery-background-video\" \n\t\t\t\tloop \n\t\t\t\tautoplay \n\t\t\t\tplaysinline\n\t\t\t\tmuted\n\t\t\t\tdata-bgvideo\n\t\t\t\tposter=\"https:\/\/mifenixcargo.com\/web\/wp-content\/uploads\/2025\/10\/vista-aerea-del-buque-de-carga-y-del-contenedor-de-carga-en-el-puerto.jpg\"\t\t\t\tdata-bgvideo-fade-in=\"500\"\t\t\t\tdata-bgvideo-pause-after=\"120\"\t\t\t\tdata-bgvideo-show-pause-play=false\t\t\t\tdata-bgvideo-pause-play-x-pos=\"right\"\t\t\t\tdata-bgvideo-pause-play-y-pos=\"top\" \n\t\t\t\t>\n\t\t\t\t\t<source src=\"https:\/\/mifenixcargo.com\/web\/wp-content\/uploads\/2025\/05\/cargamaritima.mp4\" type=\"video\/mp4\">\t\t\t\t\t\t\t\t\t\t\t\t\t<\/video>\n\n\t\t\t\n\t\t\t<script type=\"text\/javascript\">\n\t\t\t(function() {\n\t\t\t\t\/\/ Move the video and container into the row as the first child\n\t\t\t\tvar video_tag = document.getElementById(\"so_bgvideo_69e4b26bb1911\");\n\t\t\t\tvar video_overlay = document.getElementById(\"so_bgvideo_overlay_69e4b26bb1911\");\n\t\t\t\tvar video_row = video_tag.previousSibling;\n\t\t\t\twhile(video_row && video_row.nodeType != 1) {\n\t\t\t\t\tvideo_row = video_row.previousSibling;\n\t\t\t\t}\n\t\t\t\tvar row_inner = video_row.firstChild;\n\t\t\t\trow_inner.insertBefore( video_tag, row_inner.firstChild );\n\t\t\t\tif( video_overlay ) {\n\t\t\t\t\trow_inner.insertBefore( video_overlay, video_tag.nextSibling);\n\t\t\t\t}\n\t\t\t\trow_inner.className += ' so_video_bg_row jquery-background-video-wrapper';\n\t\t\t\tvideo_tag.play();\n\t\t\t}());\n\t\t\t<\/script>\n\n\t\t\t<div id=\"pg-650-1\"  class=\"panel-grid panel-has-style\" ><div class=\"siteorigin-panels-stretch panel-row-style panel-row-style-for-650-1\" id=\"transporteglobal\" data-stretch-type=\"full\" ><div id=\"pgc-650-1-0\"  class=\"panel-grid-cell\" ><div id=\"panel-650-1-0-0\" class=\"widget_text so-panel widget widget_custom_html panel-first-child\" data-index=\"1\" ><div class=\"textwidget custom-html-widget\"><h3 style=\"color: #0176af;\">TU CARGA <span style=\"color: #201e57;\">EN LAS RUTAS MAR\u00cdTIMA CLAVE<\/span><\/h3><hr style=\"width:150px\"><\/div><\/div><div id=\"panel-650-1-0-1\" class=\"so-panel widget widget_text panel-last-child\" data-index=\"2\" ><div class=\"aos-fade-down panel-widget-style panel-widget-style-for-650-1-0-1\" >\t\t\t<div class=\"textwidget\"><p>Ofrecemos un servicio integral de transporte mar\u00edtimo, conectando tus mercanc\u00edas con los principales puertos del mundo. Ya sea que necesites enviar carga completa de contenedor (FCL) o carga consolidada (LCL), nuestro equipo experto garantiza una gesti\u00f3n eficiente y segura desde el origen hasta el destino final.<\/p>\n<p>Nos encargamos de toda la cadena log\u00edstica, incluyendo la coordinaci\u00f3n con navieras de primer nivel, la gesti\u00f3n de espacios, la documentaci\u00f3n necesaria y el seguimiento constante de tu env\u00edo. Nuestra experiencia en rutas internacionales nos permite ofrecerte las mejores opciones en tiempo y costo.<\/p>\n<\/div>\n\t\t<\/div><\/div><\/div><\/div><\/div><div id=\"pg-650-2\"  class=\"panel-grid panel-has-style\" ><div class=\"aos-fade so-rounded panel-row-style panel-row-style-for-650-2\" id=\"ventajas1\" ><div id=\"pgc-650-2-0\"  class=\"panel-grid-cell\" ><div class=\"so-rounded panel-cell-style panel-cell-style-for-650-2-0\" ><div id=\"panel-650-2-0-0\" class=\"widget_text so-panel widget widget_custom_html panel-first-child\" data-index=\"3\" ><div class=\"widget_text panel-widget-style panel-widget-style-for-650-2-0-0\" ><div class=\"textwidget custom-html-widget\"><h3 style=\"color: #FFA500\">VENTAJAS<span style=\"color: white;\"> DE NUESTRO SERVICIO DE<\/span><br><span style=\"color: #FFA500;\">CARGA MAR\u00cdTIMA<\/span><\/h3><hr style=\"width:150px\"><\/div><\/div><\/div><div id=\"panel-650-2-0-1\" class=\"widget_text so-panel widget widget_custom_html panel-last-child\" data-index=\"4\" ><div class=\"widget_text panel-widget-style panel-widget-style-for-650-2-0-1\" ><div class=\"textwidget custom-html-widget\"><p>\n\t<i class=\"fa fa-chevron-right\"><\/i> Optimizaci\u00f3n de costos para grandes vol\u00famenes.\n<\/p>\n<p>\n\t<i class=\"fa fa-chevron-right\"><\/i> Cobertura global en las rutas comerciales m\u00e1s importantes.\n<\/p>\n<p>\n\t<i class=\"fa fa-chevron-right\"><\/i> Gesti\u00f3n experta de documentaci\u00f3n y tr\u00e1mites aduanales.\n<\/p>\n<p>\n\t<i class=\"fa fa-chevron-right\"><\/i> Seguimiento detallado de tu carga en tiempo real.\n<\/p><\/div><\/div><\/div><\/div><\/div><div id=\"pgc-650-2-1\"  class=\"panel-grid-cell\" ><div class=\"panel-cell-style panel-cell-style-for-650-2-1\" ><div id=\"panel-650-2-1-0\" class=\"so-panel widget widget_media_image panel-first-child panel-last-child\" data-index=\"5\" ><div class=\"imgcontent panel-widget-style panel-widget-style-for-650-2-1-0\" ><img loading=\"lazy\" decoding=\"async\" width=\"683\" height=\"1024\" src=\"https:\/\/mifenixcargo.com\/web\/wp-content\/uploads\/2025\/05\/carga-683x1024.jpg\" class=\"image wp-image-572  attachment-large size-large\" alt=\"\" style=\"max-width: 100%; height: auto;\" srcset=\"https:\/\/mifenixcargo.com\/web\/wp-content\/uploads\/2025\/05\/carga-683x1024.jpg 683w, https:\/\/mifenixcargo.com\/web\/wp-content\/uploads\/2025\/05\/carga-200x300.jpg 200w, https:\/\/mifenixcargo.com\/web\/wp-content\/uploads\/2025\/05\/carga-768x1152.jpg 768w, https:\/\/mifenixcargo.com\/web\/wp-content\/uploads\/2025\/05\/carga-1024x1536.jpg 1024w, https:\/\/mifenixcargo.com\/web\/wp-content\/uploads\/2025\/05\/carga-1366x2048.jpg 1366w, https:\/\/mifenixcargo.com\/web\/wp-content\/uploads\/2025\/05\/carga-scaled.jpg 1707w\" sizes=\"auto, (max-width: 683px) 100vw, 683px\" \/><\/div><\/div><\/div><\/div><\/div><\/div><div id=\"pg-650-3\"  class=\"panel-grid panel-has-style\" ><div class=\"siteorigin-panels-stretch panel-row-style panel-row-style-for-650-3\" data-stretch-type=\"full-width-stretch\" ><div id=\"pgc-650-3-0\"  class=\"panel-grid-cell\" ><div id=\"panel-650-3-0-0\" class=\"so-panel widget widget_themegrill_flash_heading tg-widget section-title-wrapper panel-first-child panel-last-child\" data-index=\"6\" ><div class=\"aos-fade-down panel-widget-style panel-widget-style-for-650-3-0-0\" >\t<h3 class=\"section-title\">NUESTRO PROCESO DE CARGA MAR\u00cdTIMA<\/h3>\n<\/div><\/div><\/div><\/div><\/div><div id=\"pg-650-4\"  class=\"panel-grid panel-has-style\" ><div class=\"siteorigin-panels-stretch panel-row-style panel-row-style-for-650-4\" id=\"pasosmaritima\" data-stretch-type=\"full\" ><div id=\"pgc-650-4-0\"  class=\"panel-grid-cell\" ><div id=\"panel-650-4-0-0\" class=\"so-panel widget widget_siteorigin-panels-builder panel-first-child panel-last-child\" data-index=\"7\" ><div class=\"cajas1a panel-widget-style panel-widget-style-for-650-4-0-0\" ><div id=\"pl-w69022b1a41fc3\"  class=\"panel-layout\" ><div id=\"pg-w69022b1a41fc3-0\"  class=\"panel-grid panel-no-style\" ><div id=\"pgc-w69022b1a41fc3-0-0\"  class=\"panel-grid-cell\" ><div id=\"panel-w69022b1a41fc3-0-0-0\" class=\"so-panel widget widget_themegrill_flash_image tg-widget tg-image-widget panel-first-child panel-last-child\" data-index=\"0\" ><div class=\"aos-fade-down panel-widget-style panel-widget-style-for-w69022b1a41fc3-0-0-0\" >\t<img decoding=\"async\" src=\"https:\/\/mifenixcargo.com\/web\/wp-content\/uploads\/2025\/05\/caja.png\" \/>\n<\/div><\/div><\/div><div id=\"pgc-w69022b1a41fc3-0-1\"  class=\"panel-grid-cell\" ><div id=\"panel-w69022b1a41fc3-0-1-0\" class=\"so-panel widget widget_themegrill_flash_heading tg-widget section-title-wrapper panel-first-child panel-last-child\" data-index=\"1\" ><div class=\"aos-fade-down panel-widget-style panel-widget-style-for-w69022b1a41fc3-0-1-0\" >\t<h3 class=\"section-title\">RECEPCI\u00d3N Y PREPARACI\u00d3N<\/h3>\n<\/div><\/div><\/div><\/div><div id=\"pg-w69022b1a41fc3-1\"  class=\"panel-grid panel-no-style\" ><div id=\"pgc-w69022b1a41fc3-1-0\"  class=\"panel-grid-cell\" ><div id=\"panel-w69022b1a41fc3-1-0-0\" class=\"so-panel widget widget_text panel-first-child panel-last-child\" data-index=\"2\" ><div class=\"aos-fade-down panel-widget-style panel-widget-style-for-w69022b1a41fc3-1-0-0\" >\t\t\t<div class=\"textwidget\"><p>Recibimos tu mercanc\u00eda en nuestras instalaciones o en el punto de origen acordado.<\/p>\n<\/div>\n\t\t<\/div><\/div><\/div><\/div><\/div><\/div><\/div><\/div><div id=\"pgc-650-4-1\"  class=\"panel-grid-cell\" ><div id=\"panel-650-4-1-0\" class=\"so-panel widget widget_siteorigin-panels-builder panel-first-child panel-last-child\" data-index=\"8\" ><div class=\"cajas1a panel-widget-style panel-widget-style-for-650-4-1-0\" ><div id=\"pl-w69022ba21f17e\"  class=\"panel-layout\" ><div id=\"pg-w69022ba21f17e-0\"  class=\"panel-grid panel-no-style\" ><div id=\"pgc-w69022ba21f17e-0-0\"  class=\"panel-grid-cell\" ><div id=\"panel-w69022ba21f17e-0-0-0\" class=\"so-panel widget widget_themegrill_flash_image tg-widget tg-image-widget panel-first-child panel-last-child\" data-index=\"0\" ><div class=\"aos-fade-down panel-widget-style panel-widget-style-for-w69022ba21f17e-0-0-0\" >\t<img decoding=\"async\" src=\"https:\/\/mifenixcargo.com\/web\/wp-content\/uploads\/2025\/05\/docs.png\" \/>\n<\/div><\/div><\/div><div id=\"pgc-w69022ba21f17e-0-1\"  class=\"panel-grid-cell\" ><div id=\"panel-w69022ba21f17e-0-1-0\" class=\"so-panel widget widget_themegrill_flash_heading tg-widget section-title-wrapper panel-first-child panel-last-child\" data-index=\"1\" ><div class=\"aos-fade-down panel-widget-style panel-widget-style-for-w69022ba21f17e-0-1-0\" >\t<h3 class=\"section-title\">GESTI\u00d3N DOCUMENTAL Y EMBARQUE<\/h3>\n<\/div><\/div><\/div><\/div><div id=\"pg-w69022ba21f17e-1\"  class=\"panel-grid panel-no-style\" ><div id=\"pgc-w69022ba21f17e-1-0\"  class=\"panel-grid-cell\" ><div id=\"panel-w69022ba21f17e-1-0-0\" class=\"so-panel widget widget_text panel-first-child panel-last-child\" data-index=\"2\" ><div class=\"aos-fade-down panel-widget-style panel-widget-style-for-w69022ba21f17e-1-0-0\" >\t\t\t<div class=\"textwidget\"><p>Preparamos toda la documentaci\u00f3n y coordinamos el embarque en la naviera.<\/p>\n<\/div>\n\t\t<\/div><\/div><\/div><\/div><\/div><\/div><\/div><\/div><div id=\"pgc-650-4-2\"  class=\"panel-grid-cell\" ><div id=\"panel-650-4-2-0\" class=\"so-panel widget widget_siteorigin-panels-builder panel-first-child panel-last-child\" data-index=\"9\" ><div class=\"cajas1a panel-widget-style panel-widget-style-for-650-4-2-0\" ><div id=\"pl-w69022ba21f632\"  class=\"panel-layout\" ><div id=\"pg-w69022ba21f632-0\"  class=\"panel-grid panel-no-style\" ><div id=\"pgc-w69022ba21f632-0-0\"  class=\"panel-grid-cell\" ><div id=\"panel-w69022ba21f632-0-0-0\" class=\"so-panel widget widget_themegrill_flash_image tg-widget tg-image-widget panel-first-child panel-last-child\" data-index=\"0\" ><div class=\"aos-fade-down panel-widget-style panel-widget-style-for-w69022ba21f632-0-0-0\" >\t<img decoding=\"async\" src=\"https:\/\/mifenixcargo.com\/web\/wp-content\/uploads\/2025\/05\/barco.png\" \/>\n<\/div><\/div><\/div><div id=\"pgc-w69022ba21f632-0-1\"  class=\"panel-grid-cell\" ><div id=\"panel-w69022ba21f632-0-1-0\" class=\"so-panel widget widget_themegrill_flash_heading tg-widget section-title-wrapper panel-first-child panel-last-child\" data-index=\"1\" ><div class=\"aos-fade-down panel-widget-style panel-widget-style-for-w69022ba21f632-0-1-0\" >\t<h3 class=\"section-title\">TRANSPORTE Y ENTREGA<\/h3>\n<\/div><\/div><\/div><\/div><div id=\"pg-w69022ba21f632-1\"  class=\"panel-grid panel-no-style\" ><div id=\"pgc-w69022ba21f632-1-0\"  class=\"panel-grid-cell\" ><div id=\"panel-w69022ba21f632-1-0-0\" class=\"so-panel widget widget_text panel-first-child panel-last-child\" data-index=\"2\" ><div class=\"aos-fade-down panel-widget-style panel-widget-style-for-w69022ba21f632-1-0-0\" >\t\t\t<div class=\"textwidget\"><p>Tu carga viaja de forma segura hasta el puerto de destino y coordinamos la entrega final.<\/p>\n<\/div>\n\t\t<\/div><\/div><\/div><\/div><\/div><\/div><\/div><\/div><\/div><\/div><div id=\"pg-650-5\"  class=\"panel-grid panel-has-style\" ><div class=\"siteorigin-panels-stretch panel-row-style panel-row-style-for-650-5\" id=\"transporteglobal\" data-stretch-type=\"full\" ><div id=\"pgc-650-5-0\"  class=\"panel-grid-cell\" ><div id=\"panel-650-5-0-0\" class=\"so-panel widget widget_siteorigin-panels-builder panel-first-child panel-last-child\" data-index=\"10\" ><div class=\"aos-fade-down panel-widget-style panel-widget-style-for-650-5-0-0\" ><div id=\"pl-w69021f94bf014\"  class=\"panel-layout\" ><div id=\"pg-w69021f94bf014-0\"  class=\"panel-grid panel-no-style\" ><div id=\"pgc-w69021f94bf014-0-0\"  class=\"panel-grid-cell\" ><div id=\"panel-w69021f94bf014-0-0-0\" class=\"so-panel widget widget_themegrill_flash_heading tg-widget section-title-wrapper panel-first-child panel-last-child\" data-index=\"0\" ><div class=\"flash_inherit_color panel-widget-style panel-widget-style-for-w69021f94bf014-0-0-0\" >\t<h3 class=\"section-title\">\u00bfNecesitas un Env\u00edo Mar\u00edtimo?<\/h3>\n<\/div><\/div><\/div><\/div><div id=\"pg-w69021f94bf014-1\"  class=\"panel-grid panel-has-style\" ><div class=\"panel-row-style panel-row-style-for-w69021f94bf014-1\" ><div id=\"pgc-w69021f94bf014-1-0\"  class=\"panel-grid-cell\" ><div id=\"panel-w69021f94bf014-1-0-0\" class=\"widget_text so-panel widget widget_custom_html panel-first-child panel-last-child\" data-index=\"1\" ><div class=\"widget_text flash_inherit_color panel-widget-style panel-widget-style-for-w69021f94bf014-1-0-0\" ><div class=\"textwidget custom-html-widget\"><p>\n\tD\u00e9janos ayudarte a encontrar la mejor soluci\u00f3n para tu carga. Solicita una cotizaci\u00f3n sin compromiso.\n<\/p>\n<\/div><\/div><\/div><\/div><\/div><\/div><div id=\"pg-w69021f94bf014-2\"  class=\"panel-grid panel-has-style\" ><div id=\"cotizacionCarga\" class=\"panel-row-style panel-row-style-for-w69021f94bf014-2\" ><div id=\"pgc-w69021f94bf014-2-0\"  class=\"panel-grid-cell\" ><div id=\"panel-w69021f94bf014-2-0-0\" class=\"widget_text so-panel widget widget_custom_html panel-first-child\" data-index=\"2\" ><div class=\"widget_text aos-fade-down panel-widget-style panel-widget-style-for-w69021f94bf014-2-0-0\" ><div class=\"textwidget custom-html-widget\"><a href=\"#\" data-target=\"A\">SOLICITA UNA COTIZACI\u00d3N<\/a><\/div><\/div><\/div><div id=\"panel-w69021f94bf014-2-0-1\" class=\"widget_text so-panel widget widget_custom_html panel-last-child\" data-index=\"3\" ><div class=\"widget_text aos-fade-down panel-widget-style panel-widget-style-for-w69021f94bf014-2-0-1\" ><div class=\"textwidget custom-html-widget\"><a href=\"envios_carga\">SOLICITA UNA COTIZACI\u00d3N<\/a><\/div><\/div><\/div><\/div><\/div><\/div><\/div><\/div><\/div><\/div><\/div><\/div><\/div>","protected":false},"excerpt":{"rendered":"<p>Ofrecemos un servicio integral de transporte mar\u00edtimo, conectando tus mercanc\u00edas con los principales puertos del mundo. Ya sea que necesites [&hellip;]<\/p>\n","protected":false},"author":1,"featured_media":0,"parent":0,"menu_order":0,"comment_status":"closed","ping_status":"closed","template":"page-templates\/pagebuilder.php","meta":{"footnotes":""},"class_list":["post-650","page","type-page","status-publish","hentry"],"_links":{"self":[{"href":"https:\/\/mifenixcargo.com\/web\/wp-json\/wp\/v2\/pages\/650","targetHints":{"allow":["GET"]}}],"collection":[{"href":"https:\/\/mifenixcargo.com\/web\/wp-json\/wp\/v2\/pages"}],"about":[{"href":"https:\/\/mifenixcargo.com\/web\/wp-json\/wp\/v2\/types\/page"}],"author":[{"embeddable":true,"href":"https:\/\/mifenixcargo.com\/web\/wp-json\/wp\/v2\/users\/1"}],"replies":[{"embeddable":true,"href":"https:\/\/mifenixcargo.com\/web\/wp-json\/wp\/v2\/comments?post=650"}],"version-history":[{"count":58,"href":"https:\/\/mifenixcargo.com\/web\/wp-json\/wp\/v2\/pages\/650\/revisions"}],"predecessor-version":[{"id":3278,"href":"https:\/\/mifenixcargo.com\/web\/wp-json\/wp\/v2\/pages\/650\/revisions\/3278"}],"wp:attachment":[{"href":"https:\/\/mifenixcargo.com\/web\/wp-json\/wp\/v2\/media?parent=650"}],"curies":[{"name":"wp","href":"https:\/\/api.w.org\/{rel}","templated":true}]}}