{"id":2614,"date":"2025-07-28T23:16:31","date_gmt":"2025-07-28T21:16:31","guid":{"rendered":"https:\/\/carlosacosta.com.co\/fenix\/?page_id=2614"},"modified":"2026-02-23T14:21:43","modified_gmt":"2026-02-23T13:21:43","slug":"contactenos","status":"publish","type":"page","link":"https:\/\/mifenixcargo.com\/web\/contactenos\/","title":{"rendered":"Cont\u00e1ctenos"},"content":{"rendered":"<div id=\"pl-2614\"  class=\"panel-layout\" ><div id=\"pg-2614-0\"  class=\"panel-grid panel-has-style\" ><div class=\"aos-fade-down siteorigin-panels-stretch panel-row-style panel-row-style-for-2614-0\" data-stretch-type=\"full-width-stretch\" ><div id=\"pgc-2614-0-0\"  class=\"panel-grid-cell\" ><div id=\"panel-2614-0-0-0\" class=\"so-panel widget widget_themegrill_flash_heading tg-widget section-title-wrapper panel-first-child panel-last-child\" data-index=\"0\" ><div class=\"fondoencabezadofinal flash_inherit_color panel-widget-style panel-widget-style-for-2614-0-0-0\" >\t<h3 class=\"section-title\">CONT\u00c1CTENOS<\/h3>\n<\/div><\/div><\/div><\/div><\/div>\n\t\t\t<video \n\t\t\t\tid=\"so_bgvideo_69fb6516b2938\" \n\t\t\t\tclass=\"so_video_bg jquery-background-video\" \n\t\t\t\tloop \n\t\t\t\tautoplay \n\t\t\t\tplaysinline\n\t\t\t\tmuted\n\t\t\t\tdata-bgvideo\n\t\t\t\t\t\t\t\tdata-bgvideo-fade-in=\"500\"\t\t\t\tdata-bgvideo-pause-after=\"120\"\t\t\t\tdata-bgvideo-show-pause-play=true\t\t\t\tdata-bgvideo-pause-play-x-pos=\"right\"\t\t\t\tdata-bgvideo-pause-play-y-pos=\"top\" \n\t\t\t\t>\n\t\t\t\t\t<source src=\"https:\/\/mifenixcargo.com\/web\/wp-content\/uploads\/2025\/07\/contacto.mp4\" type=\"video\/mp4\">\t\t\t\t\t\t\t\t\t\t\t\t\t<\/video>\n\n\t\t\t\n\t\t\t<script type=\"text\/javascript\">\n\t\t\t(function() {\n\t\t\t\t\/\/ Move the video and container into the row as the first child\n\t\t\t\tvar video_tag = document.getElementById(\"so_bgvideo_69fb6516b2938\");\n\t\t\t\tvar video_overlay = document.getElementById(\"so_bgvideo_overlay_69fb6516b2938\");\n\t\t\t\tvar video_row = video_tag.previousSibling;\n\t\t\t\twhile(video_row && video_row.nodeType != 1) {\n\t\t\t\t\tvideo_row = video_row.previousSibling;\n\t\t\t\t}\n\t\t\t\tvar row_inner = video_row.firstChild;\n\t\t\t\trow_inner.insertBefore( video_tag, row_inner.firstChild );\n\t\t\t\tif( video_overlay ) {\n\t\t\t\t\trow_inner.insertBefore( video_overlay, video_tag.nextSibling);\n\t\t\t\t}\n\t\t\t\trow_inner.className += ' so_video_bg_row jquery-background-video-wrapper';\n\t\t\t\tvideo_tag.play();\n\t\t\t}());\n\t\t\t<\/script>\n\n\t\t\t<div id=\"pg-2614-1\"  class=\"panel-grid panel-has-style\" ><div class=\"panel-row-style panel-row-style-for-2614-1\" ><div id=\"pgc-2614-1-0\"  class=\"panel-grid-cell\" ><div id=\"panel-2614-1-0-0\" class=\"widget_text so-panel widget widget_custom_html panel-first-child panel-last-child\" data-index=\"1\" ><div class=\"widget_text panel-widget-style panel-widget-style-for-2614-1-0-0\" ><h3 class=\"widget-title\">\u00bfTienes un desaf\u00edo log\u00edstico o necesitas una soluci\u00f3n a medida?<\/h3><div class=\"textwidget custom-html-widget\"><br><a<p>\n\tQueremos escucharte. Completa el siguiente formulario y perm\u00edtenos demostrarte c\u00f3mo <strong>Fenix Cargo & Logistics<\/strong> puede ser tu aliado estrat\u00e9gico para mover tu carga de forma eficiente y segura.\n<\/p><\/div><\/div><\/div><\/div><\/div><\/div><div id=\"pg-2614-2\"  class=\"panel-grid panel-has-style\" ><div id=\"transporteglobal\" class=\"panel-row-style panel-row-style-for-2614-2\" ><div id=\"pgc-2614-2-0\"  class=\"panel-grid-cell\" ><div id=\"panel-2614-2-0-0\" class=\"so-panel widget widget_media_image panel-first-child\" data-index=\"2\" ><img loading=\"lazy\" decoding=\"async\" class=\"image \" src=\"https:\/\/mifenixcargo.com\/web\/wp-content\/uploads\/2025\/05\/fenixcolor_70.png\" alt=\"\" width=\"242\" height=\"70\" \/><\/div><div id=\"panel-2614-2-0-1\" class=\"widget_text so-panel widget widget_custom_html panel-last-child\" data-index=\"3\" ><div class=\"textwidget custom-html-widget\"><div class=\"contact-offices\">\n  <p style=\"margin:0 0 18px 0;\">\n    <strong>Oficina Miami<\/strong><br>\n    <i class=\"bx bx-map\"><\/i> 7705 NW 46th Street, Doral, FL 33195, Estados Unidos<br>\n    <i class=\"bx bx-phone\"><\/i> <a href=\"tel:+18553033649\">+1 (855) 303-3649<\/a><br>\n    <i class=\"bx bx-calendar\"><\/i> Lun-Vie: 9:00 am a 5:30 pm\n  <\/p>\n\n  <p style=\"margin:0 0 18px 0;\">\n    <strong>Oficina Colombia<\/strong><br>\n    <i class=\"bx bx-map\"><\/i> Carrera 98 25G-10 Bodega 3, Bogot\u00e1, Colombia<br>\n    <i class=\"bx bx-phone\"><\/i> <a href=\"tel:+576013164620\">+57 (601) 316-4620<\/a><br>\n    <i class=\"bx bx-calendar\"><\/i> Lun-Vie: 8:00 am a 5:30 pm\n  <\/p>\n\n  <p style=\"margin:0;\">\n    <i class=\"bx bx-envelope\"><\/i> <a href=\"mailto:support@mifenixcargo.com\">support@mifenixcargo.com<\/a>\n  <\/p>\n<\/div><\/div><\/div><\/div><div id=\"pgc-2614-2-1\"  class=\"panel-grid-cell\" ><div id=\"panel-2614-2-1-0\" class=\"widget_text so-panel widget widget_custom_html panel-first-child panel-last-child\" data-index=\"4\" ><div class=\"widget_text panel-widget-style panel-widget-style-for-2614-2-1-0\" ><div class=\"textwidget custom-html-widget\"><!-- GHL OLD EMBED (TEMP OFF)\n<iframe\n  src=\"https:\/\/api.leadconnectorhq.com\/widget\/form\/KXRl4XLgQ80s8kDbWrBD\"\n  style=\"display:none;width:470px;height:600px;border:none;background:white\"\n  id=\"popup-KXRl4XLgQ80s8kDbWrBD\"\n  data-layout=\"{'id':''}\"\n  data-trigger-type=\"alwaysShow\"\n  data-trigger-value=\"\"\n  data-activation-type=\"alwaysActivated\"\n  data-activation-value=\"\"\n  data-deactivation-type=\"neverDeactivate\"\n  data-deactivation-value=\"\"\n  data-form-name=\"Formulario de contacto\"\n  data-height=\"600\"\n  data-layout-iframe-id=\"popup-KXRl4XLgQ80s8kDbWrBD\"\n  data-form-id=\"KXRl4XLgQ80s8kDbWrBD\"\n  title=\"Formulario de contacto\">\n<\/iframe>\n<script src=\"https:\/\/link.msgsndr.com\/js\/form_embed.js\"><\/script>\n-->\n<\/div><\/div><\/div><\/div><\/div><\/div><\/div>","protected":false},"excerpt":{"rendered":"<p>CONT\u00c1CTENOS \u00bfTienes un desaf\u00edo log\u00edstico o necesitas una soluci\u00f3n a medida?<\/p>\n","protected":false},"author":1,"featured_media":0,"parent":0,"menu_order":0,"comment_status":"closed","ping_status":"closed","template":"page-templates\/pagebuilder.php","meta":{"footnotes":""},"class_list":["post-2614","page","type-page","status-publish","hentry"],"_links":{"self":[{"href":"https:\/\/mifenixcargo.com\/web\/wp-json\/wp\/v2\/pages\/2614","targetHints":{"allow":["GET"]}}],"collection":[{"href":"https:\/\/mifenixcargo.com\/web\/wp-json\/wp\/v2\/pages"}],"about":[{"href":"https:\/\/mifenixcargo.com\/web\/wp-json\/wp\/v2\/types\/page"}],"author":[{"embeddable":true,"href":"https:\/\/mifenixcargo.com\/web\/wp-json\/wp\/v2\/users\/1"}],"replies":[{"embeddable":true,"href":"https:\/\/mifenixcargo.com\/web\/wp-json\/wp\/v2\/comments?post=2614"}],"version-history":[{"count":28,"href":"https:\/\/mifenixcargo.com\/web\/wp-json\/wp\/v2\/pages\/2614\/revisions"}],"predecessor-version":[{"id":3422,"href":"https:\/\/mifenixcargo.com\/web\/wp-json\/wp\/v2\/pages\/2614\/revisions\/3422"}],"wp:attachment":[{"href":"https:\/\/mifenixcargo.com\/web\/wp-json\/wp\/v2\/media?parent=2614"}],"curies":[{"name":"wp","href":"https:\/\/api.w.org\/{rel}","templated":true}]}}